{"id":204,"date":"2023-05-08T10:45:02","date_gmt":"2023-05-08T10:45:02","guid":{"rendered":"https:\/\/iisalmennaistensaatio.fi\/?page_id=204"},"modified":"2025-06-03T18:44:21","modified_gmt":"2025-06-03T18:44:21","slug":"2020-2","status":"publish","type":"page","link":"https:\/\/iisalmennaistensaatio.fi\/?page_id=204","title":{"rendered":"My\u00f6nnetyt apurahat ja stipendit"},"content":{"rendered":"\n<p><a href=\"https:\/\/iisalmennaistensaatio.fi\/?page_id=311\">2025<\/a><\/p>\n\n\n\n<p><a href=\"https:\/\/iisalmennaistensaatio.fi\/?page_id=270\">2024<\/a><\/p>\n\n\n\n<p><a href=\"https:\/\/iisalmennaistensaatio.fi\/?page_id=242\">2023<\/a><\/p>\n\n\n\n<p><a href=\"https:\/\/iisalmennaistensaatio.fi\/?page_id=217\">2022<\/a><\/p>\n\n\n\n<p><a href=\"https:\/\/iisalmennaistensaatio.fi\/?page_id=214\">2021<\/a><\/p>\n\n\n\n<p><a href=\"https:\/\/iisalmennaistensaatio.fi\/?page_id=40\">2020<\/a><\/p>\n\n\n\n<figure class=\"wp-block-image size-large\"><img loading=\"lazy\" decoding=\"async\" width=\"1024\" height=\"1024\" src=\"https:\/\/iisalmennaistensaatio.fi\/wp-content\/uploads\/2022\/02\/Iisalmen-Naisten-Sa\u0308a\u0308tio\u0308-logo-1024x1024.jpg\" alt=\"\" class=\"wp-image-22\" srcset=\"https:\/\/iisalmennaistensaatio.fi\/wp-content\/uploads\/2022\/02\/Iisalmen-Naisten-Sa\u0308a\u0308tio\u0308-logo-1024x1024.jpg 1024w, https:\/\/iisalmennaistensaatio.fi\/wp-content\/uploads\/2022\/02\/Iisalmen-Naisten-Sa\u0308a\u0308tio\u0308-logo-300x300.jpg 300w, https:\/\/iisalmennaistensaatio.fi\/wp-content\/uploads\/2022\/02\/Iisalmen-Naisten-Sa\u0308a\u0308tio\u0308-logo-150x150.jpg 150w, https:\/\/iisalmennaistensaatio.fi\/wp-content\/uploads\/2022\/02\/Iisalmen-Naisten-Sa\u0308a\u0308tio\u0308-logo-768x768.jpg 768w, https:\/\/iisalmennaistensaatio.fi\/wp-content\/uploads\/2022\/02\/Iisalmen-Naisten-Sa\u0308a\u0308tio\u0308-logo.jpg 1181w\" sizes=\"auto, (max-width: 1024px) 100vw, 1024px\" \/><\/figure>\n","protected":false},"excerpt":{"rendered":"<p>2025 2024 2023 2022 2021 2020<\/p>\n","protected":false},"author":1,"featured_media":0,"parent":0,"menu_order":0,"comment_status":"closed","ping_status":"closed","template":"template-full-width.php","meta":{"footnotes":""},"class_list":["post-204","page","type-page","status-publish","hentry"],"yoast_head":"<!-- This site is optimized with the Yoast SEO plugin v27.4 - https:\/\/yoast.com\/product\/yoast-seo-wordpress\/ -->\n<title>My\u00f6nnetyt apurahat ja stipendit - Iisalmen naisten s\u00e4\u00e4ti\u00f6<\/title>\n<meta name=\"robots\" content=\"index, follow, max-snippet:-1, max-image-preview:large, max-video-preview:-1\" \/>\n<link rel=\"canonical\" href=\"https:\/\/iisalmennaistensaatio.fi\/?page_id=204\" \/>\n<meta property=\"og:locale\" content=\"fi_FI\" \/>\n<meta property=\"og:type\" content=\"article\" \/>\n<meta property=\"og:title\" content=\"My\u00f6nnetyt apurahat ja stipendit - Iisalmen naisten s\u00e4\u00e4ti\u00f6\" \/>\n<meta property=\"og:description\" content=\"2025 2024 2023 2022 2021 2020\" \/>\n<meta property=\"og:url\" content=\"https:\/\/iisalmennaistensaatio.fi\/?page_id=204\" \/>\n<meta property=\"og:site_name\" content=\"Iisalmen naisten s\u00e4\u00e4ti\u00f6\" \/>\n<meta property=\"article:modified_time\" content=\"2025-06-03T18:44:21+00:00\" \/>\n<meta name=\"twitter:card\" content=\"summary_large_image\" \/>\n<meta name=\"twitter:label1\" content=\"Arvioitu lukuaika\" \/>\n\t<meta name=\"twitter:data1\" content=\"1 minuutti\" \/>\n<script type=\"application\/ld+json\" class=\"yoast-schema-graph\">{\"@context\":\"https:\\\/\\\/schema.org\",\"@graph\":[{\"@type\":\"WebPage\",\"@id\":\"https:\\\/\\\/iisalmennaistensaatio.fi\\\/?page_id=204\",\"url\":\"https:\\\/\\\/iisalmennaistensaatio.fi\\\/?page_id=204\",\"name\":\"My\u00f6nnetyt apurahat ja stipendit - Iisalmen naisten s\u00e4\u00e4ti\u00f6\",\"isPartOf\":{\"@id\":\"https:\\\/\\\/iisalmennaistensaatio.fi\\\/#website\"},\"datePublished\":\"2023-05-08T10:45:02+00:00\",\"dateModified\":\"2025-06-03T18:44:21+00:00\",\"breadcrumb\":{\"@id\":\"https:\\\/\\\/iisalmennaistensaatio.fi\\\/?page_id=204#breadcrumb\"},\"inLanguage\":\"fi\",\"potentialAction\":[{\"@type\":\"ReadAction\",\"target\":[\"https:\\\/\\\/iisalmennaistensaatio.fi\\\/?page_id=204\"]}]},{\"@type\":\"BreadcrumbList\",\"@id\":\"https:\\\/\\\/iisalmennaistensaatio.fi\\\/?page_id=204#breadcrumb\",\"itemListElement\":[{\"@type\":\"ListItem\",\"position\":1,\"name\":\"Etusivu\",\"item\":\"https:\\\/\\\/iisalmennaistensaatio.fi\\\/\"},{\"@type\":\"ListItem\",\"position\":2,\"name\":\"My\u00f6nnetyt apurahat ja stipendit\"}]},{\"@type\":\"WebSite\",\"@id\":\"https:\\\/\\\/iisalmennaistensaatio.fi\\\/#website\",\"url\":\"https:\\\/\\\/iisalmennaistensaatio.fi\\\/\",\"name\":\"Iisalmen naisten s\u00e4\u00e4ti\u00f6\",\"description\":\"Iisalmen Naisten S\u00e4\u00e4ti\u00f6 on yleishy\u00f6dyllinen s\u00e4\u00e4ti\u00f6.\",\"potentialAction\":[{\"@type\":\"SearchAction\",\"target\":{\"@type\":\"EntryPoint\",\"urlTemplate\":\"https:\\\/\\\/iisalmennaistensaatio.fi\\\/?s={search_term_string}\"},\"query-input\":{\"@type\":\"PropertyValueSpecification\",\"valueRequired\":true,\"valueName\":\"search_term_string\"}}],\"inLanguage\":\"fi\"}]}<\/script>\n<!-- \/ Yoast SEO plugin. -->","yoast_head_json":{"title":"My\u00f6nnetyt apurahat ja stipendit - Iisalmen naisten s\u00e4\u00e4ti\u00f6","robots":{"index":"index","follow":"follow","max-snippet":"max-snippet:-1","max-image-preview":"max-image-preview:large","max-video-preview":"max-video-preview:-1"},"canonical":"https:\/\/iisalmennaistensaatio.fi\/?page_id=204","og_locale":"fi_FI","og_type":"article","og_title":"My\u00f6nnetyt apurahat ja stipendit - Iisalmen naisten s\u00e4\u00e4ti\u00f6","og_description":"2025 2024 2023 2022 2021 2020","og_url":"https:\/\/iisalmennaistensaatio.fi\/?page_id=204","og_site_name":"Iisalmen naisten s\u00e4\u00e4ti\u00f6","article_modified_time":"2025-06-03T18:44:21+00:00","twitter_card":"summary_large_image","twitter_misc":{"Arvioitu lukuaika":"1 minuutti"},"schema":{"@context":"https:\/\/schema.org","@graph":[{"@type":"WebPage","@id":"https:\/\/iisalmennaistensaatio.fi\/?page_id=204","url":"https:\/\/iisalmennaistensaatio.fi\/?page_id=204","name":"My\u00f6nnetyt apurahat ja stipendit - Iisalmen naisten s\u00e4\u00e4ti\u00f6","isPartOf":{"@id":"https:\/\/iisalmennaistensaatio.fi\/#website"},"datePublished":"2023-05-08T10:45:02+00:00","dateModified":"2025-06-03T18:44:21+00:00","breadcrumb":{"@id":"https:\/\/iisalmennaistensaatio.fi\/?page_id=204#breadcrumb"},"inLanguage":"fi","potentialAction":[{"@type":"ReadAction","target":["https:\/\/iisalmennaistensaatio.fi\/?page_id=204"]}]},{"@type":"BreadcrumbList","@id":"https:\/\/iisalmennaistensaatio.fi\/?page_id=204#breadcrumb","itemListElement":[{"@type":"ListItem","position":1,"name":"Etusivu","item":"https:\/\/iisalmennaistensaatio.fi\/"},{"@type":"ListItem","position":2,"name":"My\u00f6nnetyt apurahat ja stipendit"}]},{"@type":"WebSite","@id":"https:\/\/iisalmennaistensaatio.fi\/#website","url":"https:\/\/iisalmennaistensaatio.fi\/","name":"Iisalmen naisten s\u00e4\u00e4ti\u00f6","description":"Iisalmen Naisten S\u00e4\u00e4ti\u00f6 on yleishy\u00f6dyllinen s\u00e4\u00e4ti\u00f6.","potentialAction":[{"@type":"SearchAction","target":{"@type":"EntryPoint","urlTemplate":"https:\/\/iisalmennaistensaatio.fi\/?s={search_term_string}"},"query-input":{"@type":"PropertyValueSpecification","valueRequired":true,"valueName":"search_term_string"}}],"inLanguage":"fi"}]}},"_links":{"self":[{"href":"https:\/\/iisalmennaistensaatio.fi\/index.php?rest_route=\/wp\/v2\/pages\/204","targetHints":{"allow":["GET"]}}],"collection":[{"href":"https:\/\/iisalmennaistensaatio.fi\/index.php?rest_route=\/wp\/v2\/pages"}],"about":[{"href":"https:\/\/iisalmennaistensaatio.fi\/index.php?rest_route=\/wp\/v2\/types\/page"}],"author":[{"embeddable":true,"href":"https:\/\/iisalmennaistensaatio.fi\/index.php?rest_route=\/wp\/v2\/users\/1"}],"replies":[{"embeddable":true,"href":"https:\/\/iisalmennaistensaatio.fi\/index.php?rest_route=%2Fwp%2Fv2%2Fcomments&post=204"}],"version-history":[{"count":11,"href":"https:\/\/iisalmennaistensaatio.fi\/index.php?rest_route=\/wp\/v2\/pages\/204\/revisions"}],"predecessor-version":[{"id":321,"href":"https:\/\/iisalmennaistensaatio.fi\/index.php?rest_route=\/wp\/v2\/pages\/204\/revisions\/321"}],"wp:attachment":[{"href":"https:\/\/iisalmennaistensaatio.fi\/index.php?rest_route=%2Fwp%2Fv2%2Fmedia&parent=204"}],"curies":[{"name":"wp","href":"https:\/\/api.w.org\/{rel}","templated":true}]}}