{"id":214,"date":"2023-05-08T10:51:00","date_gmt":"2023-05-08T10:51:00","guid":{"rendered":"https:\/\/iisalmennaistensaatio.fi\/?page_id=214"},"modified":"2023-05-08T11:11:18","modified_gmt":"2023-05-08T11:11:18","slug":"2021-2","status":"publish","type":"page","link":"https:\/\/iisalmennaistensaatio.fi\/?page_id=214","title":{"rendered":"2021"},"content":{"rendered":"\n<p>Liisa Loimalahti, Juhani Ahon yl\u00e4koulu<br>Heidi Nissinen,&nbsp; Juhani Ahon yl\u00e4koulu<br>Kiia Vehvil\u00e4inen, ylioppilastutkinto, Iisalmen lyseo<br>Mirella Hynninen, ylioppilastutkinto, Iisalmen lyseo<br>Mari Kainulainen, kone- ja tuotantotekniikan perustutkinto, Yl\u00e4-Savon ammattiopisto<br>Mari Reis, kone- ja tuotantotekniikan perustutkinto, Yl\u00e4-Savon ammattiopisto<br>Henna Kettunen, sairaanhoitaja, Savonia amk<br>Maarit Heiskanen, sosionomi, Savonia amk<br>Jaana Tuomela, sairaanhoitaja, Savonia amk<\/p>\n\n\n\n<p>Apurahat:<br>Pihla Salliselle my\u00f6nnettiin 1.000 \u20ac apuraha huomiona erinomaisesta menestyksest\u00e4 Suomi leipoo &#8211;<br>ohjelmassa ja hienosta yritystoiminnasta.<\/p>\n","protected":false},"excerpt":{"rendered":"<p>Liisa Loimalahti, Juhani Ahon yl\u00e4kouluHeidi Nissinen,&nbsp; Juhani Ahon yl\u00e4kouluKiia Vehvil\u00e4inen, ylioppilastutkinto, Iisalmen lyseoMirella Hynninen, ylioppilastutkinto, Iisalmen lyseoMari Kainulainen, kone- ja tuotantotekniikan perustutkinto, Yl\u00e4-Savon ammattiopistoMari Reis, kone- ja tuotantotekniikan perustutkinto, Yl\u00e4-Savon ammattiopistoHenna Kettunen, sairaanhoitaja, Savonia amkMaarit Heiskanen, sosionomi, Savonia amkJaana Tuomela, sairaanhoitaja, Savonia amk Apurahat:Pihla Salliselle my\u00f6nnettiin 1.000 \u20ac apuraha huomiona erinomaisesta menestyksest\u00e4 Suomi leipoo &#8211;ohjelmassa [&hellip;]<\/p>\n","protected":false},"author":1,"featured_media":0,"parent":0,"menu_order":0,"comment_status":"closed","ping_status":"closed","template":"template-full-width.php","meta":{"footnotes":""},"class_list":["post-214","page","type-page","status-publish","hentry"],"yoast_head":"<!-- This site is optimized with the Yoast SEO plugin v27.4 - https:\/\/yoast.com\/product\/yoast-seo-wordpress\/ -->\n<title>2021 - Iisalmen naisten s\u00e4\u00e4ti\u00f6<\/title>\n<meta name=\"robots\" content=\"index, follow, max-snippet:-1, max-image-preview:large, max-video-preview:-1\" \/>\n<link rel=\"canonical\" href=\"https:\/\/iisalmennaistensaatio.fi\/?page_id=214\" \/>\n<meta property=\"og:locale\" content=\"fi_FI\" \/>\n<meta property=\"og:type\" content=\"article\" \/>\n<meta property=\"og:title\" content=\"2021 - Iisalmen naisten s\u00e4\u00e4ti\u00f6\" \/>\n<meta property=\"og:description\" content=\"Liisa Loimalahti, Juhani Ahon yl\u00e4kouluHeidi Nissinen,&nbsp; Juhani Ahon yl\u00e4kouluKiia Vehvil\u00e4inen, ylioppilastutkinto, Iisalmen lyseoMirella Hynninen, ylioppilastutkinto, Iisalmen lyseoMari Kainulainen, kone- ja tuotantotekniikan perustutkinto, Yl\u00e4-Savon ammattiopistoMari Reis, kone- ja tuotantotekniikan perustutkinto, Yl\u00e4-Savon ammattiopistoHenna Kettunen, sairaanhoitaja, Savonia amkMaarit Heiskanen, sosionomi, Savonia amkJaana Tuomela, sairaanhoitaja, Savonia amk Apurahat:Pihla Salliselle my\u00f6nnettiin 1.000 \u20ac apuraha huomiona erinomaisesta menestyksest\u00e4 Suomi leipoo &#8211;ohjelmassa [&hellip;]\" \/>\n<meta property=\"og:url\" content=\"https:\/\/iisalmennaistensaatio.fi\/?page_id=214\" \/>\n<meta property=\"og:site_name\" content=\"Iisalmen naisten s\u00e4\u00e4ti\u00f6\" \/>\n<meta property=\"article:modified_time\" content=\"2023-05-08T11:11:18+00:00\" \/>\n<meta name=\"twitter:card\" content=\"summary_large_image\" \/>\n<meta name=\"twitter:label1\" content=\"Arvioitu lukuaika\" \/>\n\t<meta name=\"twitter:data1\" content=\"1 minuutti\" \/>\n<script type=\"application\/ld+json\" class=\"yoast-schema-graph\">{\"@context\":\"https:\\\/\\\/schema.org\",\"@graph\":[{\"@type\":\"WebPage\",\"@id\":\"https:\\\/\\\/iisalmennaistensaatio.fi\\\/?page_id=214\",\"url\":\"https:\\\/\\\/iisalmennaistensaatio.fi\\\/?page_id=214\",\"name\":\"2021 - Iisalmen naisten s\u00e4\u00e4ti\u00f6\",\"isPartOf\":{\"@id\":\"https:\\\/\\\/iisalmennaistensaatio.fi\\\/#website\"},\"datePublished\":\"2023-05-08T10:51:00+00:00\",\"dateModified\":\"2023-05-08T11:11:18+00:00\",\"breadcrumb\":{\"@id\":\"https:\\\/\\\/iisalmennaistensaatio.fi\\\/?page_id=214#breadcrumb\"},\"inLanguage\":\"fi\",\"potentialAction\":[{\"@type\":\"ReadAction\",\"target\":[\"https:\\\/\\\/iisalmennaistensaatio.fi\\\/?page_id=214\"]}]},{\"@type\":\"BreadcrumbList\",\"@id\":\"https:\\\/\\\/iisalmennaistensaatio.fi\\\/?page_id=214#breadcrumb\",\"itemListElement\":[{\"@type\":\"ListItem\",\"position\":1,\"name\":\"Etusivu\",\"item\":\"https:\\\/\\\/iisalmennaistensaatio.fi\\\/\"},{\"@type\":\"ListItem\",\"position\":2,\"name\":\"2021\"}]},{\"@type\":\"WebSite\",\"@id\":\"https:\\\/\\\/iisalmennaistensaatio.fi\\\/#website\",\"url\":\"https:\\\/\\\/iisalmennaistensaatio.fi\\\/\",\"name\":\"Iisalmen naisten s\u00e4\u00e4ti\u00f6\",\"description\":\"Iisalmen Naisten S\u00e4\u00e4ti\u00f6 on yleishy\u00f6dyllinen s\u00e4\u00e4ti\u00f6.\",\"potentialAction\":[{\"@type\":\"SearchAction\",\"target\":{\"@type\":\"EntryPoint\",\"urlTemplate\":\"https:\\\/\\\/iisalmennaistensaatio.fi\\\/?s={search_term_string}\"},\"query-input\":{\"@type\":\"PropertyValueSpecification\",\"valueRequired\":true,\"valueName\":\"search_term_string\"}}],\"inLanguage\":\"fi\"}]}<\/script>\n<!-- \/ Yoast SEO plugin. -->","yoast_head_json":{"title":"2021 - Iisalmen naisten s\u00e4\u00e4ti\u00f6","robots":{"index":"index","follow":"follow","max-snippet":"max-snippet:-1","max-image-preview":"max-image-preview:large","max-video-preview":"max-video-preview:-1"},"canonical":"https:\/\/iisalmennaistensaatio.fi\/?page_id=214","og_locale":"fi_FI","og_type":"article","og_title":"2021 - Iisalmen naisten s\u00e4\u00e4ti\u00f6","og_description":"Liisa Loimalahti, Juhani Ahon yl\u00e4kouluHeidi Nissinen,&nbsp; Juhani Ahon yl\u00e4kouluKiia Vehvil\u00e4inen, ylioppilastutkinto, Iisalmen lyseoMirella Hynninen, ylioppilastutkinto, Iisalmen lyseoMari Kainulainen, kone- ja tuotantotekniikan perustutkinto, Yl\u00e4-Savon ammattiopistoMari Reis, kone- ja tuotantotekniikan perustutkinto, Yl\u00e4-Savon ammattiopistoHenna Kettunen, sairaanhoitaja, Savonia amkMaarit Heiskanen, sosionomi, Savonia amkJaana Tuomela, sairaanhoitaja, Savonia amk Apurahat:Pihla Salliselle my\u00f6nnettiin 1.000 \u20ac apuraha huomiona erinomaisesta menestyksest\u00e4 Suomi leipoo &#8211;ohjelmassa [&hellip;]","og_url":"https:\/\/iisalmennaistensaatio.fi\/?page_id=214","og_site_name":"Iisalmen naisten s\u00e4\u00e4ti\u00f6","article_modified_time":"2023-05-08T11:11:18+00:00","twitter_card":"summary_large_image","twitter_misc":{"Arvioitu lukuaika":"1 minuutti"},"schema":{"@context":"https:\/\/schema.org","@graph":[{"@type":"WebPage","@id":"https:\/\/iisalmennaistensaatio.fi\/?page_id=214","url":"https:\/\/iisalmennaistensaatio.fi\/?page_id=214","name":"2021 - Iisalmen naisten s\u00e4\u00e4ti\u00f6","isPartOf":{"@id":"https:\/\/iisalmennaistensaatio.fi\/#website"},"datePublished":"2023-05-08T10:51:00+00:00","dateModified":"2023-05-08T11:11:18+00:00","breadcrumb":{"@id":"https:\/\/iisalmennaistensaatio.fi\/?page_id=214#breadcrumb"},"inLanguage":"fi","potentialAction":[{"@type":"ReadAction","target":["https:\/\/iisalmennaistensaatio.fi\/?page_id=214"]}]},{"@type":"BreadcrumbList","@id":"https:\/\/iisalmennaistensaatio.fi\/?page_id=214#breadcrumb","itemListElement":[{"@type":"ListItem","position":1,"name":"Etusivu","item":"https:\/\/iisalmennaistensaatio.fi\/"},{"@type":"ListItem","position":2,"name":"2021"}]},{"@type":"WebSite","@id":"https:\/\/iisalmennaistensaatio.fi\/#website","url":"https:\/\/iisalmennaistensaatio.fi\/","name":"Iisalmen naisten s\u00e4\u00e4ti\u00f6","description":"Iisalmen Naisten S\u00e4\u00e4ti\u00f6 on yleishy\u00f6dyllinen s\u00e4\u00e4ti\u00f6.","potentialAction":[{"@type":"SearchAction","target":{"@type":"EntryPoint","urlTemplate":"https:\/\/iisalmennaistensaatio.fi\/?s={search_term_string}"},"query-input":{"@type":"PropertyValueSpecification","valueRequired":true,"valueName":"search_term_string"}}],"inLanguage":"fi"}]}},"_links":{"self":[{"href":"https:\/\/iisalmennaistensaatio.fi\/index.php?rest_route=\/wp\/v2\/pages\/214","targetHints":{"allow":["GET"]}}],"collection":[{"href":"https:\/\/iisalmennaistensaatio.fi\/index.php?rest_route=\/wp\/v2\/pages"}],"about":[{"href":"https:\/\/iisalmennaistensaatio.fi\/index.php?rest_route=\/wp\/v2\/types\/page"}],"author":[{"embeddable":true,"href":"https:\/\/iisalmennaistensaatio.fi\/index.php?rest_route=\/wp\/v2\/users\/1"}],"replies":[{"embeddable":true,"href":"https:\/\/iisalmennaistensaatio.fi\/index.php?rest_route=%2Fwp%2Fv2%2Fcomments&post=214"}],"version-history":[{"count":4,"href":"https:\/\/iisalmennaistensaatio.fi\/index.php?rest_route=\/wp\/v2\/pages\/214\/revisions"}],"predecessor-version":[{"id":233,"href":"https:\/\/iisalmennaistensaatio.fi\/index.php?rest_route=\/wp\/v2\/pages\/214\/revisions\/233"}],"wp:attachment":[{"href":"https:\/\/iisalmennaistensaatio.fi\/index.php?rest_route=%2Fwp%2Fv2%2Fmedia&parent=214"}],"curies":[{"name":"wp","href":"https:\/\/api.w.org\/{rel}","templated":true}]}}