{"id":217,"date":"2023-05-08T10:51:44","date_gmt":"2023-05-08T10:51:44","guid":{"rendered":"https:\/\/iisalmennaistensaatio.fi\/?page_id=217"},"modified":"2023-05-08T11:11:06","modified_gmt":"2023-05-08T11:11:06","slug":"2022-2","status":"publish","type":"page","link":"https:\/\/iisalmennaistensaatio.fi\/?page_id=217","title":{"rendered":"2022"},"content":{"rendered":"\n<p>Emma Jaatinen, Juhani Ahon koulu<br>Marjut S\u00e4is\u00e4, Juhani Ahon koulu<br>Maija L\u00f6ytynoja, ylioppilastutkinto, Iisalmen lyseo<br>Oona Kettunen, elintarvikealan perustutkinto, leipuri-kondiittori, Yl\u00e4-Savon ammattiopisto<br>Aisha Khatib, ravintola- ja cateringalan perustutkinto, kokki, Yl\u00e4-Savon ammattiopisto<br>Minna Repo, merkonomi, Savon ammattiopisto<br>Piia Partanen, sosiaali- ja terveysalan perustutkinto, l\u00e4hihoitaja, Savon ammattiopisto<br>Venla Repo, sairaanhoitaja, Savonia amk<br>Sanna Selenius, sairaanhoitaja, Savonia amk<\/p>\n\n\n\n<p>Apurahat:<br>Iisalmen naisten s\u00e4\u00e4ti\u00f6 kohdensi osan vuoden 2022 apurahoista iisalmelaisille naisille, jotka toimivat<br>liikunta-alalla. Iisalmen naisten s\u00e4\u00e4ti\u00f6 l\u00e4hetti apurahahakemus-kutsun liikunta-alalle suunnattuun apurahahakuun Iisalmen kaupungin yhteisrekisterist\u00e4 l\u00f6ytyville liikunta-alalla yritt\u00e4jin\u00e4 toimiville naisille ja tieto apurahahakemuksista oli my\u00f6s Iisalmen naisten s\u00e4\u00e4ti\u00f6n nettisivuilla. Hallitus painotti apurahojen my\u00f6nt\u00e4misiss\u00e4 koulutuskustannuksiin osallistumista ja sit\u00e4 kautta ammatillisenosaamisen ja liiketoimintaosaamisen kehitt\u00e4mist\u00e4. My\u00f6nnettyjen apurahojen yhteissumma oli 10 000 e. Apurahoja my\u00f6nnettiin seuraaville henkil\u00f6ille: \u00a0<\/p>\n\n\n\n<p>Milla Paavilainen\u00a0<br>Heli Veteli<br>Roosa V\u00e4\u00e4n\u00e4nen\u00a0<br>Marjo Jaakkola\u00a0<br>Teija Niskanen<br>Ira Tahkola\u00a0<br>Kaisa Silaskivi<br>Minttu Laitila\u00a0<br>Tiina Karppinen<br>Minna Ruotsalainen<\/p>\n\n\n\n<p>Lis\u00e4ksi vuonna 2022 maksettiin apuraha<br>Olvin el\u00e4kel\u00e4isten kerhon kudontapiirille 500 \u20ac&nbsp;<\/p>\n","protected":false},"excerpt":{"rendered":"<p>Emma Jaatinen, Juhani Ahon kouluMarjut S\u00e4is\u00e4, Juhani Ahon kouluMaija L\u00f6ytynoja, ylioppilastutkinto, Iisalmen lyseoOona Kettunen, elintarvikealan perustutkinto, leipuri-kondiittori, Yl\u00e4-Savon ammattiopistoAisha Khatib, ravintola- ja cateringalan perustutkinto, kokki, Yl\u00e4-Savon ammattiopistoMinna Repo, merkonomi, Savon ammattiopistoPiia Partanen, sosiaali- ja terveysalan perustutkinto, l\u00e4hihoitaja, Savon ammattiopistoVenla Repo, sairaanhoitaja, Savonia amkSanna Selenius, sairaanhoitaja, Savonia amk Apurahat:Iisalmen naisten s\u00e4\u00e4ti\u00f6 kohdensi osan vuoden 2022 apurahoista [&hellip;]<\/p>\n","protected":false},"author":1,"featured_media":0,"parent":0,"menu_order":0,"comment_status":"closed","ping_status":"closed","template":"template-full-width.php","meta":{"footnotes":""},"class_list":["post-217","page","type-page","status-publish","hentry"],"yoast_head":"<!-- This site is optimized with the Yoast SEO plugin v27.4 - https:\/\/yoast.com\/product\/yoast-seo-wordpress\/ -->\n<title>2022 - Iisalmen naisten s\u00e4\u00e4ti\u00f6<\/title>\n<meta name=\"robots\" content=\"index, follow, max-snippet:-1, max-image-preview:large, max-video-preview:-1\" \/>\n<link rel=\"canonical\" href=\"https:\/\/iisalmennaistensaatio.fi\/?page_id=217\" \/>\n<meta property=\"og:locale\" content=\"fi_FI\" \/>\n<meta property=\"og:type\" content=\"article\" \/>\n<meta property=\"og:title\" content=\"2022 - Iisalmen naisten s\u00e4\u00e4ti\u00f6\" \/>\n<meta property=\"og:description\" content=\"Emma Jaatinen, Juhani Ahon kouluMarjut S\u00e4is\u00e4, Juhani Ahon kouluMaija L\u00f6ytynoja, ylioppilastutkinto, Iisalmen lyseoOona Kettunen, elintarvikealan perustutkinto, leipuri-kondiittori, Yl\u00e4-Savon ammattiopistoAisha Khatib, ravintola- ja cateringalan perustutkinto, kokki, Yl\u00e4-Savon ammattiopistoMinna Repo, merkonomi, Savon ammattiopistoPiia Partanen, sosiaali- ja terveysalan perustutkinto, l\u00e4hihoitaja, Savon ammattiopistoVenla Repo, sairaanhoitaja, Savonia amkSanna Selenius, sairaanhoitaja, Savonia amk Apurahat:Iisalmen naisten s\u00e4\u00e4ti\u00f6 kohdensi osan vuoden 2022 apurahoista [&hellip;]\" \/>\n<meta property=\"og:url\" content=\"https:\/\/iisalmennaistensaatio.fi\/?page_id=217\" \/>\n<meta property=\"og:site_name\" content=\"Iisalmen naisten s\u00e4\u00e4ti\u00f6\" \/>\n<meta property=\"article:modified_time\" content=\"2023-05-08T11:11:06+00:00\" \/>\n<meta name=\"twitter:card\" content=\"summary_large_image\" \/>\n<meta name=\"twitter:label1\" content=\"Arvioitu lukuaika\" \/>\n\t<meta name=\"twitter:data1\" content=\"1 minuutti\" \/>\n<script type=\"application\/ld+json\" class=\"yoast-schema-graph\">{\"@context\":\"https:\\\/\\\/schema.org\",\"@graph\":[{\"@type\":\"WebPage\",\"@id\":\"https:\\\/\\\/iisalmennaistensaatio.fi\\\/?page_id=217\",\"url\":\"https:\\\/\\\/iisalmennaistensaatio.fi\\\/?page_id=217\",\"name\":\"2022 - Iisalmen naisten s\u00e4\u00e4ti\u00f6\",\"isPartOf\":{\"@id\":\"https:\\\/\\\/iisalmennaistensaatio.fi\\\/#website\"},\"datePublished\":\"2023-05-08T10:51:44+00:00\",\"dateModified\":\"2023-05-08T11:11:06+00:00\",\"breadcrumb\":{\"@id\":\"https:\\\/\\\/iisalmennaistensaatio.fi\\\/?page_id=217#breadcrumb\"},\"inLanguage\":\"fi\",\"potentialAction\":[{\"@type\":\"ReadAction\",\"target\":[\"https:\\\/\\\/iisalmennaistensaatio.fi\\\/?page_id=217\"]}]},{\"@type\":\"BreadcrumbList\",\"@id\":\"https:\\\/\\\/iisalmennaistensaatio.fi\\\/?page_id=217#breadcrumb\",\"itemListElement\":[{\"@type\":\"ListItem\",\"position\":1,\"name\":\"Etusivu\",\"item\":\"https:\\\/\\\/iisalmennaistensaatio.fi\\\/\"},{\"@type\":\"ListItem\",\"position\":2,\"name\":\"2022\"}]},{\"@type\":\"WebSite\",\"@id\":\"https:\\\/\\\/iisalmennaistensaatio.fi\\\/#website\",\"url\":\"https:\\\/\\\/iisalmennaistensaatio.fi\\\/\",\"name\":\"Iisalmen naisten s\u00e4\u00e4ti\u00f6\",\"description\":\"Iisalmen Naisten S\u00e4\u00e4ti\u00f6 on yleishy\u00f6dyllinen s\u00e4\u00e4ti\u00f6.\",\"potentialAction\":[{\"@type\":\"SearchAction\",\"target\":{\"@type\":\"EntryPoint\",\"urlTemplate\":\"https:\\\/\\\/iisalmennaistensaatio.fi\\\/?s={search_term_string}\"},\"query-input\":{\"@type\":\"PropertyValueSpecification\",\"valueRequired\":true,\"valueName\":\"search_term_string\"}}],\"inLanguage\":\"fi\"}]}<\/script>\n<!-- \/ Yoast SEO plugin. -->","yoast_head_json":{"title":"2022 - Iisalmen naisten s\u00e4\u00e4ti\u00f6","robots":{"index":"index","follow":"follow","max-snippet":"max-snippet:-1","max-image-preview":"max-image-preview:large","max-video-preview":"max-video-preview:-1"},"canonical":"https:\/\/iisalmennaistensaatio.fi\/?page_id=217","og_locale":"fi_FI","og_type":"article","og_title":"2022 - Iisalmen naisten s\u00e4\u00e4ti\u00f6","og_description":"Emma Jaatinen, Juhani Ahon kouluMarjut S\u00e4is\u00e4, Juhani Ahon kouluMaija L\u00f6ytynoja, ylioppilastutkinto, Iisalmen lyseoOona Kettunen, elintarvikealan perustutkinto, leipuri-kondiittori, Yl\u00e4-Savon ammattiopistoAisha Khatib, ravintola- ja cateringalan perustutkinto, kokki, Yl\u00e4-Savon ammattiopistoMinna Repo, merkonomi, Savon ammattiopistoPiia Partanen, sosiaali- ja terveysalan perustutkinto, l\u00e4hihoitaja, Savon ammattiopistoVenla Repo, sairaanhoitaja, Savonia amkSanna Selenius, sairaanhoitaja, Savonia amk Apurahat:Iisalmen naisten s\u00e4\u00e4ti\u00f6 kohdensi osan vuoden 2022 apurahoista [&hellip;]","og_url":"https:\/\/iisalmennaistensaatio.fi\/?page_id=217","og_site_name":"Iisalmen naisten s\u00e4\u00e4ti\u00f6","article_modified_time":"2023-05-08T11:11:06+00:00","twitter_card":"summary_large_image","twitter_misc":{"Arvioitu lukuaika":"1 minuutti"},"schema":{"@context":"https:\/\/schema.org","@graph":[{"@type":"WebPage","@id":"https:\/\/iisalmennaistensaatio.fi\/?page_id=217","url":"https:\/\/iisalmennaistensaatio.fi\/?page_id=217","name":"2022 - Iisalmen naisten s\u00e4\u00e4ti\u00f6","isPartOf":{"@id":"https:\/\/iisalmennaistensaatio.fi\/#website"},"datePublished":"2023-05-08T10:51:44+00:00","dateModified":"2023-05-08T11:11:06+00:00","breadcrumb":{"@id":"https:\/\/iisalmennaistensaatio.fi\/?page_id=217#breadcrumb"},"inLanguage":"fi","potentialAction":[{"@type":"ReadAction","target":["https:\/\/iisalmennaistensaatio.fi\/?page_id=217"]}]},{"@type":"BreadcrumbList","@id":"https:\/\/iisalmennaistensaatio.fi\/?page_id=217#breadcrumb","itemListElement":[{"@type":"ListItem","position":1,"name":"Etusivu","item":"https:\/\/iisalmennaistensaatio.fi\/"},{"@type":"ListItem","position":2,"name":"2022"}]},{"@type":"WebSite","@id":"https:\/\/iisalmennaistensaatio.fi\/#website","url":"https:\/\/iisalmennaistensaatio.fi\/","name":"Iisalmen naisten s\u00e4\u00e4ti\u00f6","description":"Iisalmen Naisten S\u00e4\u00e4ti\u00f6 on yleishy\u00f6dyllinen s\u00e4\u00e4ti\u00f6.","potentialAction":[{"@type":"SearchAction","target":{"@type":"EntryPoint","urlTemplate":"https:\/\/iisalmennaistensaatio.fi\/?s={search_term_string}"},"query-input":{"@type":"PropertyValueSpecification","valueRequired":true,"valueName":"search_term_string"}}],"inLanguage":"fi"}]}},"_links":{"self":[{"href":"https:\/\/iisalmennaistensaatio.fi\/index.php?rest_route=\/wp\/v2\/pages\/217","targetHints":{"allow":["GET"]}}],"collection":[{"href":"https:\/\/iisalmennaistensaatio.fi\/index.php?rest_route=\/wp\/v2\/pages"}],"about":[{"href":"https:\/\/iisalmennaistensaatio.fi\/index.php?rest_route=\/wp\/v2\/types\/page"}],"author":[{"embeddable":true,"href":"https:\/\/iisalmennaistensaatio.fi\/index.php?rest_route=\/wp\/v2\/users\/1"}],"replies":[{"embeddable":true,"href":"https:\/\/iisalmennaistensaatio.fi\/index.php?rest_route=%2Fwp%2Fv2%2Fcomments&post=217"}],"version-history":[{"count":4,"href":"https:\/\/iisalmennaistensaatio.fi\/index.php?rest_route=\/wp\/v2\/pages\/217\/revisions"}],"predecessor-version":[{"id":232,"href":"https:\/\/iisalmennaistensaatio.fi\/index.php?rest_route=\/wp\/v2\/pages\/217\/revisions\/232"}],"wp:attachment":[{"href":"https:\/\/iisalmennaistensaatio.fi\/index.php?rest_route=%2Fwp%2Fv2%2Fmedia&parent=217"}],"curies":[{"name":"wp","href":"https:\/\/api.w.org\/{rel}","templated":true}]}}