{"id":242,"date":"2023-06-06T08:15:45","date_gmt":"2023-06-06T08:15:45","guid":{"rendered":"https:\/\/iisalmennaistensaatio.fi\/?page_id=242"},"modified":"2024-03-21T17:32:14","modified_gmt":"2024-03-21T17:32:14","slug":"2023-2","status":"publish","type":"page","link":"https:\/\/iisalmennaistensaatio.fi\/?page_id=242","title":{"rendered":"2023"},"content":{"rendered":"\n<p>Jenni Mykk\u00e4nen, liiketalouden perustutkinto, Savon ammattiopisto<br>Emmi Mykk\u00e4nen, sosiaali- ja terveysalan perustutkinto, l\u00e4hihoitaja, Savon ammattiopisto<br>Marika Kostian, sairaanhoitajan tutkinto, Savonia amk<br>Virva Laitinen, sosionomin tutkinto, Savonia amk<br>Mianna Katainen, Juhani Ahon koulu\u00a0<br>Olivia Millar, Juhani Ahon koulu<br>Pihla Sallinen, ylioppilastutkinto, Iisalmen lyseo<br>Varpu Virolainen, ylioppilastutkinto, Iisalmen lyseo<br>Tatiana Oleynikova, elintarvikealan perustutkinto, Yl\u00e4-Savon ammattiopisto<br>Kseniia Filippova, leipurikondiittori, Yl\u00e4-Savon ammattiopisto<\/p>\n\n\n\n<p>Apurahat:<br>Iisalmen Evakkonaisille my\u00f6nnettiin 1.500 \u20ac apuraha opintomatkaa varten.<\/p>\n","protected":false},"excerpt":{"rendered":"<p>Jenni Mykk\u00e4nen, liiketalouden perustutkinto, Savon ammattiopistoEmmi Mykk\u00e4nen, sosiaali- ja terveysalan perustutkinto, l\u00e4hihoitaja, Savon ammattiopistoMarika Kostian, sairaanhoitajan tutkinto, Savonia amkVirva Laitinen, sosionomin tutkinto, Savonia amkMianna Katainen, Juhani Ahon koulu\u00a0Olivia Millar, Juhani Ahon kouluPihla Sallinen, ylioppilastutkinto, Iisalmen lyseoVarpu Virolainen, ylioppilastutkinto, Iisalmen lyseoTatiana Oleynikova, elintarvikealan perustutkinto, Yl\u00e4-Savon ammattiopistoKseniia Filippova, leipurikondiittori, Yl\u00e4-Savon ammattiopisto Apurahat:Iisalmen Evakkonaisille my\u00f6nnettiin 1.500 \u20ac apuraha [&hellip;]<\/p>\n","protected":false},"author":1,"featured_media":0,"parent":0,"menu_order":0,"comment_status":"closed","ping_status":"closed","template":"template-full-width.php","meta":{"footnotes":""},"class_list":["post-242","page","type-page","status-publish","hentry"],"yoast_head":"<!-- This site is optimized with the Yoast SEO plugin v27.4 - https:\/\/yoast.com\/product\/yoast-seo-wordpress\/ -->\n<title>2023 - Iisalmen naisten s\u00e4\u00e4ti\u00f6<\/title>\n<meta name=\"robots\" content=\"index, follow, max-snippet:-1, max-image-preview:large, max-video-preview:-1\" \/>\n<link rel=\"canonical\" href=\"https:\/\/iisalmennaistensaatio.fi\/?page_id=242\" \/>\n<meta property=\"og:locale\" content=\"fi_FI\" \/>\n<meta property=\"og:type\" content=\"article\" \/>\n<meta property=\"og:title\" content=\"2023 - Iisalmen naisten s\u00e4\u00e4ti\u00f6\" \/>\n<meta property=\"og:description\" content=\"Jenni Mykk\u00e4nen, liiketalouden perustutkinto, Savon ammattiopistoEmmi Mykk\u00e4nen, sosiaali- ja terveysalan perustutkinto, l\u00e4hihoitaja, Savon ammattiopistoMarika Kostian, sairaanhoitajan tutkinto, Savonia amkVirva Laitinen, sosionomin tutkinto, Savonia amkMianna Katainen, Juhani Ahon koulu\u00a0Olivia Millar, Juhani Ahon kouluPihla Sallinen, ylioppilastutkinto, Iisalmen lyseoVarpu Virolainen, ylioppilastutkinto, Iisalmen lyseoTatiana Oleynikova, elintarvikealan perustutkinto, Yl\u00e4-Savon ammattiopistoKseniia Filippova, leipurikondiittori, Yl\u00e4-Savon ammattiopisto Apurahat:Iisalmen Evakkonaisille my\u00f6nnettiin 1.500 \u20ac apuraha [&hellip;]\" \/>\n<meta property=\"og:url\" content=\"https:\/\/iisalmennaistensaatio.fi\/?page_id=242\" \/>\n<meta property=\"og:site_name\" content=\"Iisalmen naisten s\u00e4\u00e4ti\u00f6\" \/>\n<meta property=\"article:modified_time\" content=\"2024-03-21T17:32:14+00:00\" \/>\n<meta name=\"twitter:card\" content=\"summary_large_image\" \/>\n<meta name=\"twitter:label1\" content=\"Arvioitu lukuaika\" \/>\n\t<meta name=\"twitter:data1\" content=\"1 minuutti\" \/>\n<script type=\"application\/ld+json\" class=\"yoast-schema-graph\">{\"@context\":\"https:\\\/\\\/schema.org\",\"@graph\":[{\"@type\":\"WebPage\",\"@id\":\"https:\\\/\\\/iisalmennaistensaatio.fi\\\/?page_id=242\",\"url\":\"https:\\\/\\\/iisalmennaistensaatio.fi\\\/?page_id=242\",\"name\":\"2023 - Iisalmen naisten s\u00e4\u00e4ti\u00f6\",\"isPartOf\":{\"@id\":\"https:\\\/\\\/iisalmennaistensaatio.fi\\\/#website\"},\"datePublished\":\"2023-06-06T08:15:45+00:00\",\"dateModified\":\"2024-03-21T17:32:14+00:00\",\"breadcrumb\":{\"@id\":\"https:\\\/\\\/iisalmennaistensaatio.fi\\\/?page_id=242#breadcrumb\"},\"inLanguage\":\"fi\",\"potentialAction\":[{\"@type\":\"ReadAction\",\"target\":[\"https:\\\/\\\/iisalmennaistensaatio.fi\\\/?page_id=242\"]}]},{\"@type\":\"BreadcrumbList\",\"@id\":\"https:\\\/\\\/iisalmennaistensaatio.fi\\\/?page_id=242#breadcrumb\",\"itemListElement\":[{\"@type\":\"ListItem\",\"position\":1,\"name\":\"Etusivu\",\"item\":\"https:\\\/\\\/iisalmennaistensaatio.fi\\\/\"},{\"@type\":\"ListItem\",\"position\":2,\"name\":\"2023\"}]},{\"@type\":\"WebSite\",\"@id\":\"https:\\\/\\\/iisalmennaistensaatio.fi\\\/#website\",\"url\":\"https:\\\/\\\/iisalmennaistensaatio.fi\\\/\",\"name\":\"Iisalmen naisten s\u00e4\u00e4ti\u00f6\",\"description\":\"Iisalmen Naisten S\u00e4\u00e4ti\u00f6 on yleishy\u00f6dyllinen s\u00e4\u00e4ti\u00f6.\",\"potentialAction\":[{\"@type\":\"SearchAction\",\"target\":{\"@type\":\"EntryPoint\",\"urlTemplate\":\"https:\\\/\\\/iisalmennaistensaatio.fi\\\/?s={search_term_string}\"},\"query-input\":{\"@type\":\"PropertyValueSpecification\",\"valueRequired\":true,\"valueName\":\"search_term_string\"}}],\"inLanguage\":\"fi\"}]}<\/script>\n<!-- \/ Yoast SEO plugin. -->","yoast_head_json":{"title":"2023 - Iisalmen naisten s\u00e4\u00e4ti\u00f6","robots":{"index":"index","follow":"follow","max-snippet":"max-snippet:-1","max-image-preview":"max-image-preview:large","max-video-preview":"max-video-preview:-1"},"canonical":"https:\/\/iisalmennaistensaatio.fi\/?page_id=242","og_locale":"fi_FI","og_type":"article","og_title":"2023 - Iisalmen naisten s\u00e4\u00e4ti\u00f6","og_description":"Jenni Mykk\u00e4nen, liiketalouden perustutkinto, Savon ammattiopistoEmmi Mykk\u00e4nen, sosiaali- ja terveysalan perustutkinto, l\u00e4hihoitaja, Savon ammattiopistoMarika Kostian, sairaanhoitajan tutkinto, Savonia amkVirva Laitinen, sosionomin tutkinto, Savonia amkMianna Katainen, Juhani Ahon koulu\u00a0Olivia Millar, Juhani Ahon kouluPihla Sallinen, ylioppilastutkinto, Iisalmen lyseoVarpu Virolainen, ylioppilastutkinto, Iisalmen lyseoTatiana Oleynikova, elintarvikealan perustutkinto, Yl\u00e4-Savon ammattiopistoKseniia Filippova, leipurikondiittori, Yl\u00e4-Savon ammattiopisto Apurahat:Iisalmen Evakkonaisille my\u00f6nnettiin 1.500 \u20ac apuraha [&hellip;]","og_url":"https:\/\/iisalmennaistensaatio.fi\/?page_id=242","og_site_name":"Iisalmen naisten s\u00e4\u00e4ti\u00f6","article_modified_time":"2024-03-21T17:32:14+00:00","twitter_card":"summary_large_image","twitter_misc":{"Arvioitu lukuaika":"1 minuutti"},"schema":{"@context":"https:\/\/schema.org","@graph":[{"@type":"WebPage","@id":"https:\/\/iisalmennaistensaatio.fi\/?page_id=242","url":"https:\/\/iisalmennaistensaatio.fi\/?page_id=242","name":"2023 - Iisalmen naisten s\u00e4\u00e4ti\u00f6","isPartOf":{"@id":"https:\/\/iisalmennaistensaatio.fi\/#website"},"datePublished":"2023-06-06T08:15:45+00:00","dateModified":"2024-03-21T17:32:14+00:00","breadcrumb":{"@id":"https:\/\/iisalmennaistensaatio.fi\/?page_id=242#breadcrumb"},"inLanguage":"fi","potentialAction":[{"@type":"ReadAction","target":["https:\/\/iisalmennaistensaatio.fi\/?page_id=242"]}]},{"@type":"BreadcrumbList","@id":"https:\/\/iisalmennaistensaatio.fi\/?page_id=242#breadcrumb","itemListElement":[{"@type":"ListItem","position":1,"name":"Etusivu","item":"https:\/\/iisalmennaistensaatio.fi\/"},{"@type":"ListItem","position":2,"name":"2023"}]},{"@type":"WebSite","@id":"https:\/\/iisalmennaistensaatio.fi\/#website","url":"https:\/\/iisalmennaistensaatio.fi\/","name":"Iisalmen naisten s\u00e4\u00e4ti\u00f6","description":"Iisalmen Naisten S\u00e4\u00e4ti\u00f6 on yleishy\u00f6dyllinen s\u00e4\u00e4ti\u00f6.","potentialAction":[{"@type":"SearchAction","target":{"@type":"EntryPoint","urlTemplate":"https:\/\/iisalmennaistensaatio.fi\/?s={search_term_string}"},"query-input":{"@type":"PropertyValueSpecification","valueRequired":true,"valueName":"search_term_string"}}],"inLanguage":"fi"}]}},"_links":{"self":[{"href":"https:\/\/iisalmennaistensaatio.fi\/index.php?rest_route=\/wp\/v2\/pages\/242","targetHints":{"allow":["GET"]}}],"collection":[{"href":"https:\/\/iisalmennaistensaatio.fi\/index.php?rest_route=\/wp\/v2\/pages"}],"about":[{"href":"https:\/\/iisalmennaistensaatio.fi\/index.php?rest_route=\/wp\/v2\/types\/page"}],"author":[{"embeddable":true,"href":"https:\/\/iisalmennaistensaatio.fi\/index.php?rest_route=\/wp\/v2\/users\/1"}],"replies":[{"embeddable":true,"href":"https:\/\/iisalmennaistensaatio.fi\/index.php?rest_route=%2Fwp%2Fv2%2Fcomments&post=242"}],"version-history":[{"count":3,"href":"https:\/\/iisalmennaistensaatio.fi\/index.php?rest_route=\/wp\/v2\/pages\/242\/revisions"}],"predecessor-version":[{"id":274,"href":"https:\/\/iisalmennaistensaatio.fi\/index.php?rest_route=\/wp\/v2\/pages\/242\/revisions\/274"}],"wp:attachment":[{"href":"https:\/\/iisalmennaistensaatio.fi\/index.php?rest_route=%2Fwp%2Fv2%2Fmedia&parent=242"}],"curies":[{"name":"wp","href":"https:\/\/api.w.org\/{rel}","templated":true}]}}