{"id":252,"date":"2024-03-09T13:28:40","date_gmt":"2024-03-09T13:28:40","guid":{"rendered":"https:\/\/iisalmennaistensaatio.fi\/?page_id=252"},"modified":"2026-03-07T14:32:04","modified_gmt":"2026-03-07T14:32:04","slug":"apurahahaku","status":"publish","type":"page","link":"https:\/\/iisalmennaistensaatio.fi\/?page_id=252","title":{"rendered":"Apurahahaku"},"content":{"rendered":"\n<p>Iisalmen naisten s\u00e4\u00e4ti\u00f6 tukee kehityshankkeita, jotka vahvistavat iisalmelaisten naisten osaamista ja taitoja kotitaloudessa ja elinkeinoel\u00e4m\u00e4ss\u00e4. Apurahoilla tuetaan kaikkia toimialoja: sek\u00e4 perinteisi\u00e4 k\u00e4sity\u00f6aloja ett\u00e4 uusia toimialoja. Apuraha voidaan my\u00f6nt\u00e4\u00e4 tyt\u00f6lle tai naiselle, jonka\u00a0vakituinen asuinpaikka on Iisalmi.<\/p>\n\n\n\n<p>Otamme vastaan apurahahakemuksia jatkuvana hakuna. Apurahoja koskevat p\u00e4\u00e4t\u00f6kset tehd\u00e4\u00e4n s\u00e4\u00e4ti\u00f6n hallituksen kokouksessa.\u00a0Apurahan hakijana voi olla yritys tai yksityishenkil\u00f6.<\/p>\n\n\n\n<p>Vapaamuotoisesta hakemuksesta tulee ilmet\u00e4:<\/p>\n\n\n\n<p>\u2022 haettavan apurahan k\u00e4ytt\u00f6tarkoitus ja haettava summa<\/p>\n\n\n\n<p>\u2022 erittely arvioiduista kokonaiskustannuksista (huom: apurahalla voidaan kattaa hankkeen koko kustannus tai osa siit\u00e4, mik\u00e4li hankkeella on muitakin rahoittajia tai omaa rahoitusta)<\/p>\n\n\n\n<p>\u2022 arvio toteutusaikataulusta<\/p>\n\n\n\n<p>\u2022 mill\u00e4 tavoin hankinta kehitt\u00e4\u00e4 yritystoimintaa tai osaamista.<\/p>\n\n\n\n<p>Hakemuksen voit l\u00e4hett\u00e4\u00e4 s\u00e4hk\u00f6postilla s\u00e4\u00e4ti\u00f6n hallituksen puheenjohtajalle: paula.zacharov(at)gmail.com<\/p>\n\n\n\n<p>Ilmoitamme p\u00e4\u00e4t\u00f6ksemme hakijoille henkil\u00f6kohtaisesti. Julkaisemme apurahan saajien nimet nettisivuillamme. Vaadimme raportin kehityshankkeen toteutuksesta ja apurahan k\u00e4yt\u00f6st\u00e4 vuoden sis\u00e4ll\u00e4 apurahan my\u00f6nt\u00e4misest\u00e4.<\/p>\n\n\n\n<p class=\"has-medium-font-size\"><strong>Kohdennetut apurahahaut<\/strong><\/p>\n\n\n\n<p><a href=\"https:\/\/iisalmennaistensaatio.fi\/?page_id=255\" target=\"_blank\" rel=\"noreferrer noopener\">2024 Apurahahaku k\u00e4sity\u00f6alalla toimiville iisalmelaisille naisyritt\u00e4jille<\/a><\/p>\n","protected":false},"excerpt":{"rendered":"<p>Iisalmen naisten s\u00e4\u00e4ti\u00f6 tukee kehityshankkeita, jotka vahvistavat iisalmelaisten naisten osaamista ja taitoja kotitaloudessa ja elinkeinoel\u00e4m\u00e4ss\u00e4. Apurahoilla tuetaan kaikkia toimialoja: sek\u00e4 perinteisi\u00e4 k\u00e4sity\u00f6aloja ett\u00e4 uusia toimialoja. Apuraha voidaan my\u00f6nt\u00e4\u00e4 tyt\u00f6lle tai naiselle, jonka\u00a0vakituinen asuinpaikka on Iisalmi. Otamme vastaan apurahahakemuksia jatkuvana hakuna. Apurahoja koskevat p\u00e4\u00e4t\u00f6kset tehd\u00e4\u00e4n s\u00e4\u00e4ti\u00f6n hallituksen kokouksessa.\u00a0Apurahan hakijana voi olla yritys tai yksityishenkil\u00f6. Vapaamuotoisesta hakemuksesta [&hellip;]<\/p>\n","protected":false},"author":1,"featured_media":0,"parent":0,"menu_order":0,"comment_status":"closed","ping_status":"closed","template":"template-full-width.php","meta":{"footnotes":""},"class_list":["post-252","page","type-page","status-publish","hentry"],"yoast_head":"<!-- This site is optimized with the Yoast SEO plugin v27.4 - https:\/\/yoast.com\/product\/yoast-seo-wordpress\/ -->\n<title>Apurahahaku - Iisalmen naisten s\u00e4\u00e4ti\u00f6<\/title>\n<meta name=\"robots\" content=\"index, follow, max-snippet:-1, max-image-preview:large, max-video-preview:-1\" \/>\n<link rel=\"canonical\" href=\"https:\/\/iisalmennaistensaatio.fi\/?page_id=252\" \/>\n<meta property=\"og:locale\" content=\"fi_FI\" \/>\n<meta property=\"og:type\" content=\"article\" \/>\n<meta property=\"og:title\" content=\"Apurahahaku - Iisalmen naisten s\u00e4\u00e4ti\u00f6\" \/>\n<meta property=\"og:description\" content=\"Iisalmen naisten s\u00e4\u00e4ti\u00f6 tukee kehityshankkeita, jotka vahvistavat iisalmelaisten naisten osaamista ja taitoja kotitaloudessa ja elinkeinoel\u00e4m\u00e4ss\u00e4. Apurahoilla tuetaan kaikkia toimialoja: sek\u00e4 perinteisi\u00e4 k\u00e4sity\u00f6aloja ett\u00e4 uusia toimialoja. Apuraha voidaan my\u00f6nt\u00e4\u00e4 tyt\u00f6lle tai naiselle, jonka\u00a0vakituinen asuinpaikka on Iisalmi. Otamme vastaan apurahahakemuksia jatkuvana hakuna. Apurahoja koskevat p\u00e4\u00e4t\u00f6kset tehd\u00e4\u00e4n s\u00e4\u00e4ti\u00f6n hallituksen kokouksessa.\u00a0Apurahan hakijana voi olla yritys tai yksityishenkil\u00f6. Vapaamuotoisesta hakemuksesta [&hellip;]\" \/>\n<meta property=\"og:url\" content=\"https:\/\/iisalmennaistensaatio.fi\/?page_id=252\" \/>\n<meta property=\"og:site_name\" content=\"Iisalmen naisten s\u00e4\u00e4ti\u00f6\" \/>\n<meta property=\"article:modified_time\" content=\"2026-03-07T14:32:04+00:00\" \/>\n<meta name=\"twitter:card\" content=\"summary_large_image\" \/>\n<meta name=\"twitter:label1\" content=\"Arvioitu lukuaika\" \/>\n\t<meta name=\"twitter:data1\" content=\"1 minuutti\" \/>\n<script type=\"application\/ld+json\" class=\"yoast-schema-graph\">{\"@context\":\"https:\\\/\\\/schema.org\",\"@graph\":[{\"@type\":\"WebPage\",\"@id\":\"https:\\\/\\\/iisalmennaistensaatio.fi\\\/?page_id=252\",\"url\":\"https:\\\/\\\/iisalmennaistensaatio.fi\\\/?page_id=252\",\"name\":\"Apurahahaku - Iisalmen naisten s\u00e4\u00e4ti\u00f6\",\"isPartOf\":{\"@id\":\"https:\\\/\\\/iisalmennaistensaatio.fi\\\/#website\"},\"datePublished\":\"2024-03-09T13:28:40+00:00\",\"dateModified\":\"2026-03-07T14:32:04+00:00\",\"breadcrumb\":{\"@id\":\"https:\\\/\\\/iisalmennaistensaatio.fi\\\/?page_id=252#breadcrumb\"},\"inLanguage\":\"fi\",\"potentialAction\":[{\"@type\":\"ReadAction\",\"target\":[\"https:\\\/\\\/iisalmennaistensaatio.fi\\\/?page_id=252\"]}]},{\"@type\":\"BreadcrumbList\",\"@id\":\"https:\\\/\\\/iisalmennaistensaatio.fi\\\/?page_id=252#breadcrumb\",\"itemListElement\":[{\"@type\":\"ListItem\",\"position\":1,\"name\":\"Etusivu\",\"item\":\"https:\\\/\\\/iisalmennaistensaatio.fi\\\/\"},{\"@type\":\"ListItem\",\"position\":2,\"name\":\"Apurahahaku\"}]},{\"@type\":\"WebSite\",\"@id\":\"https:\\\/\\\/iisalmennaistensaatio.fi\\\/#website\",\"url\":\"https:\\\/\\\/iisalmennaistensaatio.fi\\\/\",\"name\":\"Iisalmen naisten s\u00e4\u00e4ti\u00f6\",\"description\":\"Iisalmen Naisten S\u00e4\u00e4ti\u00f6 on yleishy\u00f6dyllinen s\u00e4\u00e4ti\u00f6.\",\"potentialAction\":[{\"@type\":\"SearchAction\",\"target\":{\"@type\":\"EntryPoint\",\"urlTemplate\":\"https:\\\/\\\/iisalmennaistensaatio.fi\\\/?s={search_term_string}\"},\"query-input\":{\"@type\":\"PropertyValueSpecification\",\"valueRequired\":true,\"valueName\":\"search_term_string\"}}],\"inLanguage\":\"fi\"}]}<\/script>\n<!-- \/ Yoast SEO plugin. -->","yoast_head_json":{"title":"Apurahahaku - Iisalmen naisten s\u00e4\u00e4ti\u00f6","robots":{"index":"index","follow":"follow","max-snippet":"max-snippet:-1","max-image-preview":"max-image-preview:large","max-video-preview":"max-video-preview:-1"},"canonical":"https:\/\/iisalmennaistensaatio.fi\/?page_id=252","og_locale":"fi_FI","og_type":"article","og_title":"Apurahahaku - Iisalmen naisten s\u00e4\u00e4ti\u00f6","og_description":"Iisalmen naisten s\u00e4\u00e4ti\u00f6 tukee kehityshankkeita, jotka vahvistavat iisalmelaisten naisten osaamista ja taitoja kotitaloudessa ja elinkeinoel\u00e4m\u00e4ss\u00e4. Apurahoilla tuetaan kaikkia toimialoja: sek\u00e4 perinteisi\u00e4 k\u00e4sity\u00f6aloja ett\u00e4 uusia toimialoja. Apuraha voidaan my\u00f6nt\u00e4\u00e4 tyt\u00f6lle tai naiselle, jonka\u00a0vakituinen asuinpaikka on Iisalmi. Otamme vastaan apurahahakemuksia jatkuvana hakuna. Apurahoja koskevat p\u00e4\u00e4t\u00f6kset tehd\u00e4\u00e4n s\u00e4\u00e4ti\u00f6n hallituksen kokouksessa.\u00a0Apurahan hakijana voi olla yritys tai yksityishenkil\u00f6. Vapaamuotoisesta hakemuksesta [&hellip;]","og_url":"https:\/\/iisalmennaistensaatio.fi\/?page_id=252","og_site_name":"Iisalmen naisten s\u00e4\u00e4ti\u00f6","article_modified_time":"2026-03-07T14:32:04+00:00","twitter_card":"summary_large_image","twitter_misc":{"Arvioitu lukuaika":"1 minuutti"},"schema":{"@context":"https:\/\/schema.org","@graph":[{"@type":"WebPage","@id":"https:\/\/iisalmennaistensaatio.fi\/?page_id=252","url":"https:\/\/iisalmennaistensaatio.fi\/?page_id=252","name":"Apurahahaku - Iisalmen naisten s\u00e4\u00e4ti\u00f6","isPartOf":{"@id":"https:\/\/iisalmennaistensaatio.fi\/#website"},"datePublished":"2024-03-09T13:28:40+00:00","dateModified":"2026-03-07T14:32:04+00:00","breadcrumb":{"@id":"https:\/\/iisalmennaistensaatio.fi\/?page_id=252#breadcrumb"},"inLanguage":"fi","potentialAction":[{"@type":"ReadAction","target":["https:\/\/iisalmennaistensaatio.fi\/?page_id=252"]}]},{"@type":"BreadcrumbList","@id":"https:\/\/iisalmennaistensaatio.fi\/?page_id=252#breadcrumb","itemListElement":[{"@type":"ListItem","position":1,"name":"Etusivu","item":"https:\/\/iisalmennaistensaatio.fi\/"},{"@type":"ListItem","position":2,"name":"Apurahahaku"}]},{"@type":"WebSite","@id":"https:\/\/iisalmennaistensaatio.fi\/#website","url":"https:\/\/iisalmennaistensaatio.fi\/","name":"Iisalmen naisten s\u00e4\u00e4ti\u00f6","description":"Iisalmen Naisten S\u00e4\u00e4ti\u00f6 on yleishy\u00f6dyllinen s\u00e4\u00e4ti\u00f6.","potentialAction":[{"@type":"SearchAction","target":{"@type":"EntryPoint","urlTemplate":"https:\/\/iisalmennaistensaatio.fi\/?s={search_term_string}"},"query-input":{"@type":"PropertyValueSpecification","valueRequired":true,"valueName":"search_term_string"}}],"inLanguage":"fi"}]}},"_links":{"self":[{"href":"https:\/\/iisalmennaistensaatio.fi\/index.php?rest_route=\/wp\/v2\/pages\/252","targetHints":{"allow":["GET"]}}],"collection":[{"href":"https:\/\/iisalmennaistensaatio.fi\/index.php?rest_route=\/wp\/v2\/pages"}],"about":[{"href":"https:\/\/iisalmennaistensaatio.fi\/index.php?rest_route=\/wp\/v2\/types\/page"}],"author":[{"embeddable":true,"href":"https:\/\/iisalmennaistensaatio.fi\/index.php?rest_route=\/wp\/v2\/users\/1"}],"replies":[{"embeddable":true,"href":"https:\/\/iisalmennaistensaatio.fi\/index.php?rest_route=%2Fwp%2Fv2%2Fcomments&post=252"}],"version-history":[{"count":11,"href":"https:\/\/iisalmennaistensaatio.fi\/index.php?rest_route=\/wp\/v2\/pages\/252\/revisions"}],"predecessor-version":[{"id":330,"href":"https:\/\/iisalmennaistensaatio.fi\/index.php?rest_route=\/wp\/v2\/pages\/252\/revisions\/330"}],"wp:attachment":[{"href":"https:\/\/iisalmennaistensaatio.fi\/index.php?rest_route=%2Fwp%2Fv2%2Fmedia&parent=252"}],"curies":[{"name":"wp","href":"https:\/\/api.w.org\/{rel}","templated":true}]}}