{"id":255,"date":"2024-03-09T14:16:23","date_gmt":"2024-03-09T14:16:23","guid":{"rendered":"https:\/\/iisalmennaistensaatio.fi\/?page_id=255"},"modified":"2024-03-21T17:07:18","modified_gmt":"2024-03-21T17:07:18","slug":"2024-apurahahaku-kasityoalalla-toimiville-iisalmelaisille-naisyrittajille","status":"publish","type":"page","link":"https:\/\/iisalmennaistensaatio.fi\/?page_id=255","title":{"rendered":"2024 \u2013 Apurahahaku k\u00e4sity\u00f6alalla toimiville iisalmelaisille naisyritt\u00e4jille"},"content":{"rendered":"\n<p>Hyv\u00e4 iisalmelainen k\u00e4sity\u00f6alan naisyritt\u00e4j\u00e4,<\/p>\n\n\n\n<p>Iisalmen Naisten S\u00e4\u00e4ti\u00f6 on vuonna 1897 perustettu yleishy\u00f6dyllinen s\u00e4\u00e4ti\u00f6, joka jakaa vuosittain stipendej\u00e4 ja apurahoja iisalmelaisille naisille. S\u00e4\u00e4ti\u00f6 tukee kehityshankkeita, jotka vahvistavat iisalmelaisten naisten osaamista ja taitoja kotitaloudessa ja elinkeinoel\u00e4m\u00e4ss\u00e4. Apurahoilla tuetaan kaikkia toimialoja: sek\u00e4 perinteisi\u00e4 k\u00e4sity\u00f6aloja ett\u00e4 uusia toimialoja.<\/p>\n\n\n\n<p>Kokouksessamme 31.1.2024 p\u00e4\u00e4timme t\u00e4n\u00e4 kev\u00e4\u00e4n\u00e4 toteuttaa kohdennetun apurahahaun k\u00e4sity\u00f6alalla toimiville iisalmelaisille naisyritt\u00e4jille. T\u00e4ss\u00e4 kohdennetussa haussa my\u00f6nn\u00e4mme suuruudeltaan noin 500 \u20ac\u2013 2000 \u20ac apurahoja yritystoiminnan, talousosaamisen ja\/tai ammatillisen osaamisen kehitt\u00e4miseen.<\/p>\n\n\n\n<p>Hakijana voi olla yritys tai yksityishenkil\u00f6. L\u00e4het\u00e4th\u00e4n vapaamuotoisen hakemuksesi 30.4.2024 menness\u00e4. Hakemuksesta tulee ilmet\u00e4<\/p>\n\n\n\n<p>\u2022haettavan apurahan k\u00e4ytt\u00f6tarkoitus ja haettava summa<\/p>\n\n\n\n<p>\u2022erittely arvioiduista kokonaiskustannuksista (huom: apurahalla voidaan kattaa hankkeen koko kustannus tai osa siit\u00e4, mik\u00e4li hankkeella on muitakin rahoittajia tai omaa rahoitusta)<\/p>\n\n\n\n<p>\u2022arvio toteutusaikataulusta<\/p>\n\n\n\n<p>\u2022mill\u00e4 tavoin hankinta kehitt\u00e4\u00e4 yritystoimintaa tai osaamista.<\/p>\n\n\n\n<p>Hakemuksen voit l\u00e4hett\u00e4\u00e4 joko s\u00e4hk\u00f6postiin: pirjosokkasarvela(at)gmail.com tai kirjeen\u00e4 osoitteeseen: Iisalmen Naisten S\u00e4\u00e4ti\u00f6, Pj. Pirjo Sokka-Sarvela, Pielavedentie 271, 74150 Iisalmi<\/p>\n\n\n\n<p>Ilmoitamme p\u00e4\u00e4t\u00f6ksemme hakijoille 1.6.2024 menness\u00e4.<\/p>\n\n\n\n<p>Julkaisemme apurahan saajien nimet nettisivuillamme: <a href=\"https:\/\/iisalmennaistensaatio.fi\/?page_id=204\">My\u00f6nnetyt apurahat ja stipendit &#8211; Iisalmen naisten s\u00e4\u00e4ti\u00f6 (iisalmennaistensaatio.fi)<\/a>. Hakemus on siis my\u00f6s lupa nimen julkaisuun.<\/p>\n\n\n\n<p>Vaadimme raportin kehityshankkeen toteutuksesta ja apurahan k\u00e4yt\u00f6st\u00e4 vuoden sis\u00e4ll\u00e4 apurahan my\u00f6nt\u00e4misest\u00e4.<\/p>\n\n\n\n<p>Yhteisty\u00f6terveisin, <\/p>\n\n\n\n<p>Pirjo Sokka-Sarvela, puheenjohtaja, Iisalmen Naisten S\u00e4\u00e4ti\u00f6n hallitus<\/p>\n","protected":false},"excerpt":{"rendered":"<p>Hyv\u00e4 iisalmelainen k\u00e4sity\u00f6alan naisyritt\u00e4j\u00e4, Iisalmen Naisten S\u00e4\u00e4ti\u00f6 on vuonna 1897 perustettu yleishy\u00f6dyllinen s\u00e4\u00e4ti\u00f6, joka jakaa vuosittain stipendej\u00e4 ja apurahoja iisalmelaisille naisille. S\u00e4\u00e4ti\u00f6 tukee kehityshankkeita, jotka vahvistavat iisalmelaisten naisten osaamista ja taitoja kotitaloudessa ja elinkeinoel\u00e4m\u00e4ss\u00e4. Apurahoilla tuetaan kaikkia toimialoja: sek\u00e4 perinteisi\u00e4 k\u00e4sity\u00f6aloja ett\u00e4 uusia toimialoja. Kokouksessamme 31.1.2024 p\u00e4\u00e4timme t\u00e4n\u00e4 kev\u00e4\u00e4n\u00e4 toteuttaa kohdennetun apurahahaun k\u00e4sity\u00f6alalla toimiville iisalmelaisille [&hellip;]<\/p>\n","protected":false},"author":1,"featured_media":0,"parent":0,"menu_order":0,"comment_status":"closed","ping_status":"closed","template":"template-full-width.php","meta":{"footnotes":""},"class_list":["post-255","page","type-page","status-publish","hentry"],"yoast_head":"<!-- This site is optimized with the Yoast SEO plugin v27.4 - https:\/\/yoast.com\/product\/yoast-seo-wordpress\/ -->\n<title>2024 \u2013 Apurahahaku k\u00e4sity\u00f6alalla toimiville iisalmelaisille naisyritt\u00e4jille - Iisalmen naisten s\u00e4\u00e4ti\u00f6<\/title>\n<meta name=\"robots\" content=\"index, follow, max-snippet:-1, max-image-preview:large, max-video-preview:-1\" \/>\n<link rel=\"canonical\" href=\"https:\/\/iisalmennaistensaatio.fi\/?page_id=255\" \/>\n<meta property=\"og:locale\" content=\"fi_FI\" \/>\n<meta property=\"og:type\" content=\"article\" \/>\n<meta property=\"og:title\" content=\"2024 \u2013 Apurahahaku k\u00e4sity\u00f6alalla toimiville iisalmelaisille naisyritt\u00e4jille - Iisalmen naisten s\u00e4\u00e4ti\u00f6\" \/>\n<meta property=\"og:description\" content=\"Hyv\u00e4 iisalmelainen k\u00e4sity\u00f6alan naisyritt\u00e4j\u00e4, Iisalmen Naisten S\u00e4\u00e4ti\u00f6 on vuonna 1897 perustettu yleishy\u00f6dyllinen s\u00e4\u00e4ti\u00f6, joka jakaa vuosittain stipendej\u00e4 ja apurahoja iisalmelaisille naisille. S\u00e4\u00e4ti\u00f6 tukee kehityshankkeita, jotka vahvistavat iisalmelaisten naisten osaamista ja taitoja kotitaloudessa ja elinkeinoel\u00e4m\u00e4ss\u00e4. Apurahoilla tuetaan kaikkia toimialoja: sek\u00e4 perinteisi\u00e4 k\u00e4sity\u00f6aloja ett\u00e4 uusia toimialoja. Kokouksessamme 31.1.2024 p\u00e4\u00e4timme t\u00e4n\u00e4 kev\u00e4\u00e4n\u00e4 toteuttaa kohdennetun apurahahaun k\u00e4sity\u00f6alalla toimiville iisalmelaisille [&hellip;]\" \/>\n<meta property=\"og:url\" content=\"https:\/\/iisalmennaistensaatio.fi\/?page_id=255\" \/>\n<meta property=\"og:site_name\" content=\"Iisalmen naisten s\u00e4\u00e4ti\u00f6\" \/>\n<meta property=\"article:modified_time\" content=\"2024-03-21T17:07:18+00:00\" \/>\n<meta name=\"twitter:card\" content=\"summary_large_image\" \/>\n<meta name=\"twitter:label1\" content=\"Arvioitu lukuaika\" \/>\n\t<meta name=\"twitter:data1\" content=\"2 minuuttia\" \/>\n<script type=\"application\/ld+json\" class=\"yoast-schema-graph\">{\"@context\":\"https:\\\/\\\/schema.org\",\"@graph\":[{\"@type\":\"WebPage\",\"@id\":\"https:\\\/\\\/iisalmennaistensaatio.fi\\\/?page_id=255\",\"url\":\"https:\\\/\\\/iisalmennaistensaatio.fi\\\/?page_id=255\",\"name\":\"2024 \u2013 Apurahahaku k\u00e4sity\u00f6alalla toimiville iisalmelaisille naisyritt\u00e4jille - Iisalmen naisten s\u00e4\u00e4ti\u00f6\",\"isPartOf\":{\"@id\":\"https:\\\/\\\/iisalmennaistensaatio.fi\\\/#website\"},\"datePublished\":\"2024-03-09T14:16:23+00:00\",\"dateModified\":\"2024-03-21T17:07:18+00:00\",\"breadcrumb\":{\"@id\":\"https:\\\/\\\/iisalmennaistensaatio.fi\\\/?page_id=255#breadcrumb\"},\"inLanguage\":\"fi\",\"potentialAction\":[{\"@type\":\"ReadAction\",\"target\":[\"https:\\\/\\\/iisalmennaistensaatio.fi\\\/?page_id=255\"]}]},{\"@type\":\"BreadcrumbList\",\"@id\":\"https:\\\/\\\/iisalmennaistensaatio.fi\\\/?page_id=255#breadcrumb\",\"itemListElement\":[{\"@type\":\"ListItem\",\"position\":1,\"name\":\"Etusivu\",\"item\":\"https:\\\/\\\/iisalmennaistensaatio.fi\\\/\"},{\"@type\":\"ListItem\",\"position\":2,\"name\":\"2024 \u2013 Apurahahaku k\u00e4sity\u00f6alalla toimiville iisalmelaisille naisyritt\u00e4jille\"}]},{\"@type\":\"WebSite\",\"@id\":\"https:\\\/\\\/iisalmennaistensaatio.fi\\\/#website\",\"url\":\"https:\\\/\\\/iisalmennaistensaatio.fi\\\/\",\"name\":\"Iisalmen naisten s\u00e4\u00e4ti\u00f6\",\"description\":\"Iisalmen Naisten S\u00e4\u00e4ti\u00f6 on yleishy\u00f6dyllinen s\u00e4\u00e4ti\u00f6.\",\"potentialAction\":[{\"@type\":\"SearchAction\",\"target\":{\"@type\":\"EntryPoint\",\"urlTemplate\":\"https:\\\/\\\/iisalmennaistensaatio.fi\\\/?s={search_term_string}\"},\"query-input\":{\"@type\":\"PropertyValueSpecification\",\"valueRequired\":true,\"valueName\":\"search_term_string\"}}],\"inLanguage\":\"fi\"}]}<\/script>\n<!-- \/ Yoast SEO plugin. -->","yoast_head_json":{"title":"2024 \u2013 Apurahahaku k\u00e4sity\u00f6alalla toimiville iisalmelaisille naisyritt\u00e4jille - Iisalmen naisten s\u00e4\u00e4ti\u00f6","robots":{"index":"index","follow":"follow","max-snippet":"max-snippet:-1","max-image-preview":"max-image-preview:large","max-video-preview":"max-video-preview:-1"},"canonical":"https:\/\/iisalmennaistensaatio.fi\/?page_id=255","og_locale":"fi_FI","og_type":"article","og_title":"2024 \u2013 Apurahahaku k\u00e4sity\u00f6alalla toimiville iisalmelaisille naisyritt\u00e4jille - Iisalmen naisten s\u00e4\u00e4ti\u00f6","og_description":"Hyv\u00e4 iisalmelainen k\u00e4sity\u00f6alan naisyritt\u00e4j\u00e4, Iisalmen Naisten S\u00e4\u00e4ti\u00f6 on vuonna 1897 perustettu yleishy\u00f6dyllinen s\u00e4\u00e4ti\u00f6, joka jakaa vuosittain stipendej\u00e4 ja apurahoja iisalmelaisille naisille. S\u00e4\u00e4ti\u00f6 tukee kehityshankkeita, jotka vahvistavat iisalmelaisten naisten osaamista ja taitoja kotitaloudessa ja elinkeinoel\u00e4m\u00e4ss\u00e4. Apurahoilla tuetaan kaikkia toimialoja: sek\u00e4 perinteisi\u00e4 k\u00e4sity\u00f6aloja ett\u00e4 uusia toimialoja. Kokouksessamme 31.1.2024 p\u00e4\u00e4timme t\u00e4n\u00e4 kev\u00e4\u00e4n\u00e4 toteuttaa kohdennetun apurahahaun k\u00e4sity\u00f6alalla toimiville iisalmelaisille [&hellip;]","og_url":"https:\/\/iisalmennaistensaatio.fi\/?page_id=255","og_site_name":"Iisalmen naisten s\u00e4\u00e4ti\u00f6","article_modified_time":"2024-03-21T17:07:18+00:00","twitter_card":"summary_large_image","twitter_misc":{"Arvioitu lukuaika":"2 minuuttia"},"schema":{"@context":"https:\/\/schema.org","@graph":[{"@type":"WebPage","@id":"https:\/\/iisalmennaistensaatio.fi\/?page_id=255","url":"https:\/\/iisalmennaistensaatio.fi\/?page_id=255","name":"2024 \u2013 Apurahahaku k\u00e4sity\u00f6alalla toimiville iisalmelaisille naisyritt\u00e4jille - Iisalmen naisten s\u00e4\u00e4ti\u00f6","isPartOf":{"@id":"https:\/\/iisalmennaistensaatio.fi\/#website"},"datePublished":"2024-03-09T14:16:23+00:00","dateModified":"2024-03-21T17:07:18+00:00","breadcrumb":{"@id":"https:\/\/iisalmennaistensaatio.fi\/?page_id=255#breadcrumb"},"inLanguage":"fi","potentialAction":[{"@type":"ReadAction","target":["https:\/\/iisalmennaistensaatio.fi\/?page_id=255"]}]},{"@type":"BreadcrumbList","@id":"https:\/\/iisalmennaistensaatio.fi\/?page_id=255#breadcrumb","itemListElement":[{"@type":"ListItem","position":1,"name":"Etusivu","item":"https:\/\/iisalmennaistensaatio.fi\/"},{"@type":"ListItem","position":2,"name":"2024 \u2013 Apurahahaku k\u00e4sity\u00f6alalla toimiville iisalmelaisille naisyritt\u00e4jille"}]},{"@type":"WebSite","@id":"https:\/\/iisalmennaistensaatio.fi\/#website","url":"https:\/\/iisalmennaistensaatio.fi\/","name":"Iisalmen naisten s\u00e4\u00e4ti\u00f6","description":"Iisalmen Naisten S\u00e4\u00e4ti\u00f6 on yleishy\u00f6dyllinen s\u00e4\u00e4ti\u00f6.","potentialAction":[{"@type":"SearchAction","target":{"@type":"EntryPoint","urlTemplate":"https:\/\/iisalmennaistensaatio.fi\/?s={search_term_string}"},"query-input":{"@type":"PropertyValueSpecification","valueRequired":true,"valueName":"search_term_string"}}],"inLanguage":"fi"}]}},"_links":{"self":[{"href":"https:\/\/iisalmennaistensaatio.fi\/index.php?rest_route=\/wp\/v2\/pages\/255","targetHints":{"allow":["GET"]}}],"collection":[{"href":"https:\/\/iisalmennaistensaatio.fi\/index.php?rest_route=\/wp\/v2\/pages"}],"about":[{"href":"https:\/\/iisalmennaistensaatio.fi\/index.php?rest_route=\/wp\/v2\/types\/page"}],"author":[{"embeddable":true,"href":"https:\/\/iisalmennaistensaatio.fi\/index.php?rest_route=\/wp\/v2\/users\/1"}],"replies":[{"embeddable":true,"href":"https:\/\/iisalmennaistensaatio.fi\/index.php?rest_route=%2Fwp%2Fv2%2Fcomments&post=255"}],"version-history":[{"count":2,"href":"https:\/\/iisalmennaistensaatio.fi\/index.php?rest_route=\/wp\/v2\/pages\/255\/revisions"}],"predecessor-version":[{"id":268,"href":"https:\/\/iisalmennaistensaatio.fi\/index.php?rest_route=\/wp\/v2\/pages\/255\/revisions\/268"}],"wp:attachment":[{"href":"https:\/\/iisalmennaistensaatio.fi\/index.php?rest_route=%2Fwp%2Fv2%2Fmedia&parent=255"}],"curies":[{"name":"wp","href":"https:\/\/api.w.org\/{rel}","templated":true}]}}