{"id":270,"date":"2024-03-21T17:15:23","date_gmt":"2024-03-21T17:15:23","guid":{"rendered":"https:\/\/iisalmennaistensaatio.fi\/?page_id=270"},"modified":"2024-12-30T14:19:31","modified_gmt":"2024-12-30T14:19:31","slug":"2024-2","status":"publish","type":"page","link":"https:\/\/iisalmennaistensaatio.fi\/?page_id=270","title":{"rendered":"2024"},"content":{"rendered":"\n<p><\/p>\n\n\n\n<p><strong>Stipendit<\/strong><\/p>\n\n\n\n<ul class=\"wp-block-list\">\n<li>Aada Lindgren, Juhani Ahon koulu, peruskoulututkinto<\/li>\n\n\n\n<li>Ninni Vesterinen, Juhani Ahon koulu, peruskoulututkinto<\/li>\n\n\n\n<li>Inkeri Niskanen, Iisalmen lyseo, YO-tutkinto<\/li>\n\n\n\n<li>Heta Isoranta, YSAO, hius- ja kauneudenhoitoalan perustutkinto<\/li>\n\n\n\n<li>Jenna Taskinen, Savonia, sairaanhoitajatutkinto<\/li>\n\n\n\n<li>Henna Hiltunen, SAKKY, liiketoiminnan perustutkinto<\/li>\n<\/ul>\n\n\n\n<p><strong>Kohdennettu apurahahaku k\u00e4sity\u00f6alalla toimiville iisalmelaisille naisyritt\u00e4jille, my\u00f6nnetyt apurahat<\/strong><\/p>\n\n\n\n<ul class=\"wp-block-list\">\n<li>Iisalmen M\u00f6\u00f6peliverstas \/Eija Kiiskinen, 1.500 \u20ac, verstas- ja asiakastilojen parannusty\u00f6t<\/li>\n\n\n\n<li>Iisalmen Suutari ja Avain \/Ritva Heikkinen, 1.500 \u20ac, ty\u00f6koneiden kunnostusty\u00f6t<\/li>\n\n\n\n<li>Iisalmen Kangastukku Avoin yhti\u00f6 \/Tarja Paavola, 2.000 \u20ac, teollisuusk\u00e4ytt\u00f6\u00f6n soveltuvien koneiden hankinta<\/li>\n\n\n\n<li>Arianna \/Helena Toivanen, 1.500 \u20ac, teollisuusompelukoneen hankinta<\/li>\n\n\n\n<li>Pala &amp; Kangas Palttina Ky \/Paula Tuononen, 1.500 \u20ac, mittatilaust\u00f6iden tuotteistus<\/li>\n\n\n\n<li>Taito Yl\u00e4-Savo Ry \/Taitokeskus Alliina, 250 \u20ac, l\u00e4hiesimiesty\u00f6n koulutus<\/li>\n<\/ul>\n\n\n\n<p><\/p>\n\n\n\n<p><\/p>\n\n\n\n<p><\/p>\n\n\n\n<p><\/p>\n\n\n\n<p><\/p>\n\n\n\n<p><\/p>\n\n\n\n<p><strong>Muut apurahat<\/strong><\/p>\n\n\n\n<ul class=\"wp-block-list\">\n<li>Iisalmelaiselle Mervi R\u00f6nk\u00f6lle my\u00f6nnettiin 1.000 \u20ac apuraha esikoisrunokirjan julkaisemiseen.<\/li>\n\n\n\n<li>BizyGamesille \/NYT -yritt\u00e4j\u00e4t Helmi Kanninen ja Laura Millar, my\u00f6nnettiin 250 \u20ac apuraha PullaPaja -lautapelin kehitt\u00e4miseen.<\/li>\n<\/ul>\n\n\n\n<p><\/p>\n\n\n\n<p><\/p>\n\n\n\n<p><\/p>\n\n\n\n<p><\/p>\n\n\n\n<p><\/p>\n","protected":false},"excerpt":{"rendered":"<p>Stipendit Kohdennettu apurahahaku k\u00e4sity\u00f6alalla toimiville iisalmelaisille naisyritt\u00e4jille, my\u00f6nnetyt apurahat Muut apurahat<\/p>\n","protected":false},"author":1,"featured_media":0,"parent":0,"menu_order":0,"comment_status":"closed","ping_status":"closed","template":"template-full-width.php","meta":{"footnotes":""},"class_list":["post-270","page","type-page","status-publish","hentry"],"yoast_head":"<!-- This site is optimized with the Yoast SEO plugin v27.4 - https:\/\/yoast.com\/product\/yoast-seo-wordpress\/ -->\n<title>2024 - Iisalmen naisten s\u00e4\u00e4ti\u00f6<\/title>\n<meta name=\"robots\" content=\"index, follow, max-snippet:-1, max-image-preview:large, max-video-preview:-1\" \/>\n<link rel=\"canonical\" href=\"https:\/\/iisalmennaistensaatio.fi\/?page_id=270\" \/>\n<meta property=\"og:locale\" content=\"fi_FI\" \/>\n<meta property=\"og:type\" content=\"article\" \/>\n<meta property=\"og:title\" content=\"2024 - Iisalmen naisten s\u00e4\u00e4ti\u00f6\" \/>\n<meta property=\"og:description\" content=\"Stipendit Kohdennettu apurahahaku k\u00e4sity\u00f6alalla toimiville iisalmelaisille naisyritt\u00e4jille, my\u00f6nnetyt apurahat Muut apurahat\" \/>\n<meta property=\"og:url\" content=\"https:\/\/iisalmennaistensaatio.fi\/?page_id=270\" \/>\n<meta property=\"og:site_name\" content=\"Iisalmen naisten s\u00e4\u00e4ti\u00f6\" \/>\n<meta property=\"article:modified_time\" content=\"2024-12-30T14:19:31+00:00\" \/>\n<meta name=\"twitter:card\" content=\"summary_large_image\" \/>\n<meta name=\"twitter:label1\" content=\"Arvioitu lukuaika\" \/>\n\t<meta name=\"twitter:data1\" content=\"1 minuutti\" \/>\n<script type=\"application\/ld+json\" class=\"yoast-schema-graph\">{\"@context\":\"https:\\\/\\\/schema.org\",\"@graph\":[{\"@type\":\"WebPage\",\"@id\":\"https:\\\/\\\/iisalmennaistensaatio.fi\\\/?page_id=270\",\"url\":\"https:\\\/\\\/iisalmennaistensaatio.fi\\\/?page_id=270\",\"name\":\"2024 - Iisalmen naisten s\u00e4\u00e4ti\u00f6\",\"isPartOf\":{\"@id\":\"https:\\\/\\\/iisalmennaistensaatio.fi\\\/#website\"},\"datePublished\":\"2024-03-21T17:15:23+00:00\",\"dateModified\":\"2024-12-30T14:19:31+00:00\",\"breadcrumb\":{\"@id\":\"https:\\\/\\\/iisalmennaistensaatio.fi\\\/?page_id=270#breadcrumb\"},\"inLanguage\":\"fi\",\"potentialAction\":[{\"@type\":\"ReadAction\",\"target\":[\"https:\\\/\\\/iisalmennaistensaatio.fi\\\/?page_id=270\"]}]},{\"@type\":\"BreadcrumbList\",\"@id\":\"https:\\\/\\\/iisalmennaistensaatio.fi\\\/?page_id=270#breadcrumb\",\"itemListElement\":[{\"@type\":\"ListItem\",\"position\":1,\"name\":\"Etusivu\",\"item\":\"https:\\\/\\\/iisalmennaistensaatio.fi\\\/\"},{\"@type\":\"ListItem\",\"position\":2,\"name\":\"2024\"}]},{\"@type\":\"WebSite\",\"@id\":\"https:\\\/\\\/iisalmennaistensaatio.fi\\\/#website\",\"url\":\"https:\\\/\\\/iisalmennaistensaatio.fi\\\/\",\"name\":\"Iisalmen naisten s\u00e4\u00e4ti\u00f6\",\"description\":\"Iisalmen Naisten S\u00e4\u00e4ti\u00f6 on yleishy\u00f6dyllinen s\u00e4\u00e4ti\u00f6.\",\"potentialAction\":[{\"@type\":\"SearchAction\",\"target\":{\"@type\":\"EntryPoint\",\"urlTemplate\":\"https:\\\/\\\/iisalmennaistensaatio.fi\\\/?s={search_term_string}\"},\"query-input\":{\"@type\":\"PropertyValueSpecification\",\"valueRequired\":true,\"valueName\":\"search_term_string\"}}],\"inLanguage\":\"fi\"}]}<\/script>\n<!-- \/ Yoast SEO plugin. -->","yoast_head_json":{"title":"2024 - Iisalmen naisten s\u00e4\u00e4ti\u00f6","robots":{"index":"index","follow":"follow","max-snippet":"max-snippet:-1","max-image-preview":"max-image-preview:large","max-video-preview":"max-video-preview:-1"},"canonical":"https:\/\/iisalmennaistensaatio.fi\/?page_id=270","og_locale":"fi_FI","og_type":"article","og_title":"2024 - Iisalmen naisten s\u00e4\u00e4ti\u00f6","og_description":"Stipendit Kohdennettu apurahahaku k\u00e4sity\u00f6alalla toimiville iisalmelaisille naisyritt\u00e4jille, my\u00f6nnetyt apurahat Muut apurahat","og_url":"https:\/\/iisalmennaistensaatio.fi\/?page_id=270","og_site_name":"Iisalmen naisten s\u00e4\u00e4ti\u00f6","article_modified_time":"2024-12-30T14:19:31+00:00","twitter_card":"summary_large_image","twitter_misc":{"Arvioitu lukuaika":"1 minuutti"},"schema":{"@context":"https:\/\/schema.org","@graph":[{"@type":"WebPage","@id":"https:\/\/iisalmennaistensaatio.fi\/?page_id=270","url":"https:\/\/iisalmennaistensaatio.fi\/?page_id=270","name":"2024 - Iisalmen naisten s\u00e4\u00e4ti\u00f6","isPartOf":{"@id":"https:\/\/iisalmennaistensaatio.fi\/#website"},"datePublished":"2024-03-21T17:15:23+00:00","dateModified":"2024-12-30T14:19:31+00:00","breadcrumb":{"@id":"https:\/\/iisalmennaistensaatio.fi\/?page_id=270#breadcrumb"},"inLanguage":"fi","potentialAction":[{"@type":"ReadAction","target":["https:\/\/iisalmennaistensaatio.fi\/?page_id=270"]}]},{"@type":"BreadcrumbList","@id":"https:\/\/iisalmennaistensaatio.fi\/?page_id=270#breadcrumb","itemListElement":[{"@type":"ListItem","position":1,"name":"Etusivu","item":"https:\/\/iisalmennaistensaatio.fi\/"},{"@type":"ListItem","position":2,"name":"2024"}]},{"@type":"WebSite","@id":"https:\/\/iisalmennaistensaatio.fi\/#website","url":"https:\/\/iisalmennaistensaatio.fi\/","name":"Iisalmen naisten s\u00e4\u00e4ti\u00f6","description":"Iisalmen Naisten S\u00e4\u00e4ti\u00f6 on yleishy\u00f6dyllinen s\u00e4\u00e4ti\u00f6.","potentialAction":[{"@type":"SearchAction","target":{"@type":"EntryPoint","urlTemplate":"https:\/\/iisalmennaistensaatio.fi\/?s={search_term_string}"},"query-input":{"@type":"PropertyValueSpecification","valueRequired":true,"valueName":"search_term_string"}}],"inLanguage":"fi"}]}},"_links":{"self":[{"href":"https:\/\/iisalmennaistensaatio.fi\/index.php?rest_route=\/wp\/v2\/pages\/270","targetHints":{"allow":["GET"]}}],"collection":[{"href":"https:\/\/iisalmennaistensaatio.fi\/index.php?rest_route=\/wp\/v2\/pages"}],"about":[{"href":"https:\/\/iisalmennaistensaatio.fi\/index.php?rest_route=\/wp\/v2\/types\/page"}],"author":[{"embeddable":true,"href":"https:\/\/iisalmennaistensaatio.fi\/index.php?rest_route=\/wp\/v2\/users\/1"}],"replies":[{"embeddable":true,"href":"https:\/\/iisalmennaistensaatio.fi\/index.php?rest_route=%2Fwp%2Fv2%2Fcomments&post=270"}],"version-history":[{"count":10,"href":"https:\/\/iisalmennaistensaatio.fi\/index.php?rest_route=\/wp\/v2\/pages\/270\/revisions"}],"predecessor-version":[{"id":302,"href":"https:\/\/iisalmennaistensaatio.fi\/index.php?rest_route=\/wp\/v2\/pages\/270\/revisions\/302"}],"wp:attachment":[{"href":"https:\/\/iisalmennaistensaatio.fi\/index.php?rest_route=%2Fwp%2Fv2%2Fmedia&parent=270"}],"curies":[{"name":"wp","href":"https:\/\/api.w.org\/{rel}","templated":true}]}}