{"id":3,"date":"2022-02-04T06:56:08","date_gmt":"2022-02-04T06:56:08","guid":{"rendered":"https:\/\/dev.iisalmennaistensaatio.fi\/?page_id=3"},"modified":"2024-12-30T14:17:04","modified_gmt":"2024-12-30T14:17:04","slug":"privacy-policy","status":"publish","type":"page","link":"https:\/\/iisalmennaistensaatio.fi\/?page_id=3","title":{"rendered":"Tietosuojaseloste"},"content":{"rendered":"\n<h3 class=\"wp-block-heading\"><strong>Rekisteri- ja tietosuojaseloste<\/strong>&nbsp;<\/h3>\n\n\n\n<p><strong>Rekisterinpit\u00e4j\u00e4<\/strong><br>Iisalmen Naisten S\u00e4\u00e4ti\u00f6, Pj. Paula Zacharov<\/p>\n\n\n\n<p><strong>Rekisterist\u00e4 vastaava yhteyshenkil\u00f6<\/strong><br>Pj. Paula Zacharov<\/p>\n\n\n\n<p><strong>Rekister\u00f6idyst\u00e4 eli sinusta voidaan tallentaa seuraavia tietoja:&nbsp;<\/strong><br>\u2013 Henkil\u00f6n nimi, osoite, s\u00e4hk\u00f6postiosoite ja puhelinnumero<br><\/p>\n\n\n\n<p><strong>Rekisterin tietol\u00e4hteet&nbsp;<\/strong><\/p>\n\n\n\n<p><strong>Ker\u00e4\u00e4mme ja saamme tietosi seuraavista l\u00e4hteist\u00e4:<\/strong><br>Apurahan hakemuksesta.<\/p>\n\n\n\n<p><strong>Tietojen luovutus ja k\u00e4sittely<\/strong><br>Tietoja ei luovuteta kolmannelle osapuolelle markkinointitarkoituksiin tai muihin kuin t\u00e4ss\u00e4 tietosuojaselosteessa kuvattuihin k\u00e4ytt\u00f6tarkoituksiin ilman sinun nimenomaista suostumustasi, tai ellei tietojen luovuttamiseen on jokin laissa m\u00e4\u00e4ritelty ja tarpeellinen oikeudellinen syy.<\/p>\n\n\n\n<p><strong>Tietojen siirto EU:n tai ETA:n ulkopuolelle<\/strong><br>Voimme k\u00e4ytt\u00e4\u00e4 henkil\u00f6tietojesi k\u00e4sittelyss\u00e4 palveluntarjoajia, joilla voi olla p\u00e4\u00e4sy henkil\u00f6tietoihisi EU-\/ETA-alueen ulkopuolelta, kuten Yhdysvalloista. Huolehdimme siirtojen asianmukaisesta ja lainmukaisesta toteuttamisesta henkil\u00f6tietojen k\u00e4sittely\u00e4 koskevan lains\u00e4\u00e4d\u00e4nn\u00f6n mukaisesti.<\/p>\n\n\n\n<p>Siirr\u00e4mme kaikissa tilanteissa henkil\u00f6tietojasi EU-\/ETA-alueen ulkopuolelle ainoastaan jollakin alla mainitulla, lainmukaisella perusteella:<\/p>\n\n\n\n<p>Euroopan komissio on p\u00e4\u00e4tt\u00e4nyt, ett\u00e4 kyseisess\u00e4 vastaanottajamaassa on varmistettu riitt\u00e4v\u00e4 tietosuojan taso; olemme toteuttaneet asianmukaiset suojatoimet henkil\u00f6tietojesi siirt\u00e4miseksi k\u00e4ytt\u00e4m\u00e4ll\u00e4 Euroopan komission hyv\u00e4ksymi\u00e4 tietosuojaa koskevia vakiolausekkeita. Sinulla on t\u00e4ll\u00f6in oikeus saada j\u00e4ljenn\u00f6s kyseisist\u00e4 vakiolausekkeista ottamalla meihin yhteytt\u00e4; tai olet antanut nimenomaisen suostumuksesi henkil\u00f6tietojesi siirt\u00e4miselle, tai henkil\u00f6tietojesi siirt\u00e4miselle EU-\/ETA-alueen ulkopuolelle on olemassa muu lainmukainen peruste, kuten Yhdysvaltojen osalta Euroopan komission hyv\u00e4ksym\u00e4 Privacy Shield-j\u00e4rjestely.<\/p>\n\n\n\n<p><strong>Rekisterin suojaus ja henkil\u00f6tietojen s\u00e4ilytysaika<\/strong><br>Kunnioitamme henkil\u00f6tietojesi luottamuksellisuutta. Rekisteri on talletettu palomuurein, salasanoin ja muin teknisin keinoin suojattuihin tietokantoihin, joihin on p\u00e4\u00e4sy ainoastaan t\u00e4m\u00e4n rekisterin yhteyshenkil\u00f6ll\u00e4.<\/p>\n\n\n\n<p>Vanhentuneet ja tarpeettomat tiedot h\u00e4vit\u00e4mme asiaankuuluvalla tavalla. S\u00e4ilyt\u00e4mme henkil\u00f6tietoja vain niin kauan, kun se on tarpeen t\u00e4ss\u00e4 tietosuojaselosteessa m\u00e4\u00e4riteltyjen henkil\u00f6tietojen k\u00e4sittelytarkoitusten toteuttamiseksi. Kirjanpitolain tai muun soveltuvan lain velvoitteista johtuen tietoja voidaan joutua s\u00e4ilytt\u00e4m\u00e4\u00e4n edell\u00e4 mainittua ajanjaksoa pitemp\u00e4\u00e4n.<\/p>\n\n\n\n<p><strong>Rekister\u00f6idyn oikeudet<\/strong><br>Sinulla on oikeus milloin tahansa vastustaa henkil\u00f6tietojesi k\u00e4sittely\u00e4 suoramarkkinointitarkoituksiin. Jokaisessa uutiskirjeess\u00e4mme on lainmukainen linkki, josta voit halutessasi est\u00e4\u00e4 suorapostitukset s\u00e4hk\u00f6postiisi jatkossa.<\/p>\n\n\n\n<p><strong>Lis\u00e4ksi sinulla on oikeus soveltuvan tietosuojalains\u00e4\u00e4d\u00e4nn\u00f6n mukaisesti milloin tahansa:<\/strong><br>\u2013 saada tieto henkil\u00f6tietojesi k\u00e4sittelyst\u00e4;<br>\u2013 saada p\u00e4\u00e4sy omiin tietoihisi ja tarkastaa itse\u00e4si koskevat k\u00e4sittelem\u00e4mme henkil\u00f6tiedot;<br>\u2013 vaatia ep\u00e4tarkan ja virheellisen henkil\u00f6tiedon oikaisua ja tietojen t\u00e4ydent\u00e4mist\u00e4;<br>\u2013 peruuttaa suostumuksesi ja vastustaa henkil\u00f6tietojesi k\u00e4sittely\u00e4 silt\u00e4 osin, kuin henkil\u00f6tietojesi k\u00e4sittely perustuu antamaasi suostumukseen;<br>\u2013 vastustaa henkil\u00f6tietojesi k\u00e4sittely\u00e4 henkil\u00f6kohtaiseen erityiseen tilanteeseesi liittyv\u00e4ll\u00e4 perusteella silt\u00e4 osin kuin henkil\u00f6tietojesi k\u00e4sittelyperusteena on oikeutettu etumme;<br>\u2013 saada henkil\u00f6tietosi koneluettavassa muodossa ja siirt\u00e4\u00e4 kyseiset tiedot toiselle rekisterinpit\u00e4j\u00e4lle edellytt\u00e4en, ett\u00e4 olet itse toimittanut kyseiset henkil\u00f6tiedot meille, k\u00e4sittelemme kyseisi\u00e4 henkil\u00f6tietoja sopimuksen tai antamasi suostumuksen perusteella ja k\u00e4sittely suoritetaan automaattisesti; ja<br>Voimme pyyt\u00e4\u00e4 sinua tarkentamaan pyynt\u00f6\u00e4si ja varmentamaan henkil\u00f6llisyytesi ennen pyynn\u00f6n k\u00e4sittelemist\u00e4. Voimme kielt\u00e4yty\u00e4 pyynt\u00f6si toteuttamisesta sovellettavassa laissa s\u00e4\u00e4detyll\u00e4 perusteella.Sinulla on my\u00f6s aina oikeus tehd\u00e4 valitus asianomaiselle valvontaviranomaiselle taikka sen EU:n j\u00e4senvaltion valvontaviranomaiselle, jossa asuinpaikkasi tai ty\u00f6paikkasi sijaitsee, mik\u00e4li katsot, ett\u00e4 emme ole k\u00e4sitelleet henkil\u00f6tietojasi soveltuvan tietosuojalains\u00e4\u00e4d\u00e4nn\u00f6n mukaisesti.<\/p>\n\n\n\n<p><strong>Sinun tulee l\u00e4hett\u00e4\u00e4 oikeuksiasi koskevat pyynn\u00f6t kirjallisena tai s\u00e4hk\u00f6postitse<\/strong><br>Iisalmen Naisten S\u00e4\u00e4ti\u00f6, Pj. Paula Zacharov, paula.zacharov(at)gmail.com<\/p>\n\n\n\n<p><a href=\"https:\/\/www.facebook.com\/Jardiina\/?ref=bookmarks\" target=\"_blank\" rel=\"noreferrer noopener\"><\/a><\/p>\n","protected":false},"excerpt":{"rendered":"<p>Rekisteri- ja tietosuojaseloste&nbsp; Rekisterinpit\u00e4j\u00e4Iisalmen Naisten S\u00e4\u00e4ti\u00f6, Pj. Paula Zacharov Rekisterist\u00e4 vastaava yhteyshenkil\u00f6Pj. Paula Zacharov Rekister\u00f6idyst\u00e4 eli sinusta voidaan tallentaa seuraavia tietoja:&nbsp;\u2013 Henkil\u00f6n nimi, osoite, s\u00e4hk\u00f6postiosoite ja puhelinnumero Rekisterin tietol\u00e4hteet&nbsp; Ker\u00e4\u00e4mme ja saamme tietosi seuraavista l\u00e4hteist\u00e4:Apurahan hakemuksesta. Tietojen luovutus ja k\u00e4sittelyTietoja ei luovuteta kolmannelle osapuolelle markkinointitarkoituksiin tai muihin kuin t\u00e4ss\u00e4 tietosuojaselosteessa kuvattuihin k\u00e4ytt\u00f6tarkoituksiin ilman sinun nimenomaista [&hellip;]<\/p>\n","protected":false},"author":1,"featured_media":0,"parent":0,"menu_order":0,"comment_status":"closed","ping_status":"open","template":"template-full-width.php","meta":{"footnotes":""},"class_list":["post-3","page","type-page","status-publish","hentry"],"yoast_head":"<!-- This site is optimized with the Yoast SEO plugin v27.4 - https:\/\/yoast.com\/product\/yoast-seo-wordpress\/ -->\n<title>Tietosuojaseloste - Iisalmen naisten s\u00e4\u00e4ti\u00f6<\/title>\n<meta name=\"robots\" content=\"index, follow, max-snippet:-1, max-image-preview:large, max-video-preview:-1\" \/>\n<link rel=\"canonical\" href=\"https:\/\/iisalmennaistensaatio.fi\/?page_id=3\" \/>\n<meta property=\"og:locale\" content=\"fi_FI\" \/>\n<meta property=\"og:type\" content=\"article\" \/>\n<meta property=\"og:title\" content=\"Tietosuojaseloste - Iisalmen naisten s\u00e4\u00e4ti\u00f6\" \/>\n<meta property=\"og:description\" content=\"Rekisteri- ja tietosuojaseloste&nbsp; Rekisterinpit\u00e4j\u00e4Iisalmen Naisten S\u00e4\u00e4ti\u00f6, Pj. Paula Zacharov Rekisterist\u00e4 vastaava yhteyshenkil\u00f6Pj. Paula Zacharov Rekister\u00f6idyst\u00e4 eli sinusta voidaan tallentaa seuraavia tietoja:&nbsp;\u2013 Henkil\u00f6n nimi, osoite, s\u00e4hk\u00f6postiosoite ja puhelinnumero Rekisterin tietol\u00e4hteet&nbsp; Ker\u00e4\u00e4mme ja saamme tietosi seuraavista l\u00e4hteist\u00e4:Apurahan hakemuksesta. Tietojen luovutus ja k\u00e4sittelyTietoja ei luovuteta kolmannelle osapuolelle markkinointitarkoituksiin tai muihin kuin t\u00e4ss\u00e4 tietosuojaselosteessa kuvattuihin k\u00e4ytt\u00f6tarkoituksiin ilman sinun nimenomaista [&hellip;]\" \/>\n<meta property=\"og:url\" content=\"https:\/\/iisalmennaistensaatio.fi\/?page_id=3\" \/>\n<meta property=\"og:site_name\" content=\"Iisalmen naisten s\u00e4\u00e4ti\u00f6\" \/>\n<meta property=\"article:modified_time\" content=\"2024-12-30T14:17:04+00:00\" \/>\n<meta name=\"twitter:card\" content=\"summary_large_image\" \/>\n<meta name=\"twitter:label1\" content=\"Arvioitu lukuaika\" \/>\n\t<meta name=\"twitter:data1\" content=\"3 minuuttia\" \/>\n<script type=\"application\/ld+json\" class=\"yoast-schema-graph\">{\"@context\":\"https:\\\/\\\/schema.org\",\"@graph\":[{\"@type\":\"WebPage\",\"@id\":\"https:\\\/\\\/iisalmennaistensaatio.fi\\\/?page_id=3\",\"url\":\"https:\\\/\\\/iisalmennaistensaatio.fi\\\/?page_id=3\",\"name\":\"Tietosuojaseloste - Iisalmen naisten s\u00e4\u00e4ti\u00f6\",\"isPartOf\":{\"@id\":\"https:\\\/\\\/iisalmennaistensaatio.fi\\\/#website\"},\"datePublished\":\"2022-02-04T06:56:08+00:00\",\"dateModified\":\"2024-12-30T14:17:04+00:00\",\"breadcrumb\":{\"@id\":\"https:\\\/\\\/iisalmennaistensaatio.fi\\\/?page_id=3#breadcrumb\"},\"inLanguage\":\"fi\",\"potentialAction\":[{\"@type\":\"ReadAction\",\"target\":[\"https:\\\/\\\/iisalmennaistensaatio.fi\\\/?page_id=3\"]}]},{\"@type\":\"BreadcrumbList\",\"@id\":\"https:\\\/\\\/iisalmennaistensaatio.fi\\\/?page_id=3#breadcrumb\",\"itemListElement\":[{\"@type\":\"ListItem\",\"position\":1,\"name\":\"Etusivu\",\"item\":\"https:\\\/\\\/iisalmennaistensaatio.fi\\\/\"},{\"@type\":\"ListItem\",\"position\":2,\"name\":\"Tietosuojaseloste\"}]},{\"@type\":\"WebSite\",\"@id\":\"https:\\\/\\\/iisalmennaistensaatio.fi\\\/#website\",\"url\":\"https:\\\/\\\/iisalmennaistensaatio.fi\\\/\",\"name\":\"Iisalmen naisten s\u00e4\u00e4ti\u00f6\",\"description\":\"Iisalmen Naisten S\u00e4\u00e4ti\u00f6 on yleishy\u00f6dyllinen s\u00e4\u00e4ti\u00f6.\",\"potentialAction\":[{\"@type\":\"SearchAction\",\"target\":{\"@type\":\"EntryPoint\",\"urlTemplate\":\"https:\\\/\\\/iisalmennaistensaatio.fi\\\/?s={search_term_string}\"},\"query-input\":{\"@type\":\"PropertyValueSpecification\",\"valueRequired\":true,\"valueName\":\"search_term_string\"}}],\"inLanguage\":\"fi\"}]}<\/script>\n<!-- \/ Yoast SEO plugin. -->","yoast_head_json":{"title":"Tietosuojaseloste - Iisalmen naisten s\u00e4\u00e4ti\u00f6","robots":{"index":"index","follow":"follow","max-snippet":"max-snippet:-1","max-image-preview":"max-image-preview:large","max-video-preview":"max-video-preview:-1"},"canonical":"https:\/\/iisalmennaistensaatio.fi\/?page_id=3","og_locale":"fi_FI","og_type":"article","og_title":"Tietosuojaseloste - Iisalmen naisten s\u00e4\u00e4ti\u00f6","og_description":"Rekisteri- ja tietosuojaseloste&nbsp; Rekisterinpit\u00e4j\u00e4Iisalmen Naisten S\u00e4\u00e4ti\u00f6, Pj. Paula Zacharov Rekisterist\u00e4 vastaava yhteyshenkil\u00f6Pj. Paula Zacharov Rekister\u00f6idyst\u00e4 eli sinusta voidaan tallentaa seuraavia tietoja:&nbsp;\u2013 Henkil\u00f6n nimi, osoite, s\u00e4hk\u00f6postiosoite ja puhelinnumero Rekisterin tietol\u00e4hteet&nbsp; Ker\u00e4\u00e4mme ja saamme tietosi seuraavista l\u00e4hteist\u00e4:Apurahan hakemuksesta. Tietojen luovutus ja k\u00e4sittelyTietoja ei luovuteta kolmannelle osapuolelle markkinointitarkoituksiin tai muihin kuin t\u00e4ss\u00e4 tietosuojaselosteessa kuvattuihin k\u00e4ytt\u00f6tarkoituksiin ilman sinun nimenomaista [&hellip;]","og_url":"https:\/\/iisalmennaistensaatio.fi\/?page_id=3","og_site_name":"Iisalmen naisten s\u00e4\u00e4ti\u00f6","article_modified_time":"2024-12-30T14:17:04+00:00","twitter_card":"summary_large_image","twitter_misc":{"Arvioitu lukuaika":"3 minuuttia"},"schema":{"@context":"https:\/\/schema.org","@graph":[{"@type":"WebPage","@id":"https:\/\/iisalmennaistensaatio.fi\/?page_id=3","url":"https:\/\/iisalmennaistensaatio.fi\/?page_id=3","name":"Tietosuojaseloste - Iisalmen naisten s\u00e4\u00e4ti\u00f6","isPartOf":{"@id":"https:\/\/iisalmennaistensaatio.fi\/#website"},"datePublished":"2022-02-04T06:56:08+00:00","dateModified":"2024-12-30T14:17:04+00:00","breadcrumb":{"@id":"https:\/\/iisalmennaistensaatio.fi\/?page_id=3#breadcrumb"},"inLanguage":"fi","potentialAction":[{"@type":"ReadAction","target":["https:\/\/iisalmennaistensaatio.fi\/?page_id=3"]}]},{"@type":"BreadcrumbList","@id":"https:\/\/iisalmennaistensaatio.fi\/?page_id=3#breadcrumb","itemListElement":[{"@type":"ListItem","position":1,"name":"Etusivu","item":"https:\/\/iisalmennaistensaatio.fi\/"},{"@type":"ListItem","position":2,"name":"Tietosuojaseloste"}]},{"@type":"WebSite","@id":"https:\/\/iisalmennaistensaatio.fi\/#website","url":"https:\/\/iisalmennaistensaatio.fi\/","name":"Iisalmen naisten s\u00e4\u00e4ti\u00f6","description":"Iisalmen Naisten S\u00e4\u00e4ti\u00f6 on yleishy\u00f6dyllinen s\u00e4\u00e4ti\u00f6.","potentialAction":[{"@type":"SearchAction","target":{"@type":"EntryPoint","urlTemplate":"https:\/\/iisalmennaistensaatio.fi\/?s={search_term_string}"},"query-input":{"@type":"PropertyValueSpecification","valueRequired":true,"valueName":"search_term_string"}}],"inLanguage":"fi"}]}},"_links":{"self":[{"href":"https:\/\/iisalmennaistensaatio.fi\/index.php?rest_route=\/wp\/v2\/pages\/3","targetHints":{"allow":["GET"]}}],"collection":[{"href":"https:\/\/iisalmennaistensaatio.fi\/index.php?rest_route=\/wp\/v2\/pages"}],"about":[{"href":"https:\/\/iisalmennaistensaatio.fi\/index.php?rest_route=\/wp\/v2\/types\/page"}],"author":[{"embeddable":true,"href":"https:\/\/iisalmennaistensaatio.fi\/index.php?rest_route=\/wp\/v2\/users\/1"}],"replies":[{"embeddable":true,"href":"https:\/\/iisalmennaistensaatio.fi\/index.php?rest_route=%2Fwp%2Fv2%2Fcomments&post=3"}],"version-history":[{"count":6,"href":"https:\/\/iisalmennaistensaatio.fi\/index.php?rest_route=\/wp\/v2\/pages\/3\/revisions"}],"predecessor-version":[{"id":300,"href":"https:\/\/iisalmennaistensaatio.fi\/index.php?rest_route=\/wp\/v2\/pages\/3\/revisions\/300"}],"wp:attachment":[{"href":"https:\/\/iisalmennaistensaatio.fi\/index.php?rest_route=%2Fwp%2Fv2%2Fmedia&parent=3"}],"curies":[{"name":"wp","href":"https:\/\/api.w.org\/{rel}","templated":true}]}}