{"id":311,"date":"2025-06-03T18:03:07","date_gmt":"2025-06-03T18:03:07","guid":{"rendered":"https:\/\/iisalmennaistensaatio.fi\/?page_id=311"},"modified":"2026-02-11T15:01:20","modified_gmt":"2026-02-11T15:01:20","slug":"2025-2","status":"publish","type":"page","link":"https:\/\/iisalmennaistensaatio.fi\/?page_id=311","title":{"rendered":"2025"},"content":{"rendered":"\n<p><strong>Stipendit<\/strong><\/p>\n\n\n\n<ul class=\"wp-block-list\">\n<li>Elina Hieta, Juhani Ahon koulu, peruskoulututkinto<\/li>\n\n\n\n<li>Lilja Karvonen, Juhani Ahon koulu, peruskoulututkinto<\/li>\n\n\n\n<li>Valeriia Serdiuk, Iisalmen lyseo, YO-tutkinto<\/li>\n\n\n\n<li>Elia Yl\u00f6nen, YSAO, elintarvikealan perustutkinto<\/li>\n\n\n\n<li>Asta Ven\u00e4l\u00e4inen, Savonia, agrologi (amk)<\/li>\n\n\n\n<li>Outi Pirhonen, SAKKY, liiketoiminnan perustutkinto<\/li>\n<\/ul>\n\n\n\n<p><strong>Apurahat<\/strong><\/p>\n\n\n\n<p>Taito Yl\u00e4-Savo ry:lle my\u00f6nnettiin 10.000 \u20ac apuraha materiaalihankintoihin, toiminnan uudelleen k\u00e4ynnist\u00e4miseen, toiminnan ohjaamiseen sek\u00e4 tiedottamiseen.<\/p>\n","protected":false},"excerpt":{"rendered":"<p>Stipendit Apurahat Taito Yl\u00e4-Savo ry:lle my\u00f6nnettiin 10.000 \u20ac apuraha materiaalihankintoihin, toiminnan uudelleen k\u00e4ynnist\u00e4miseen, toiminnan ohjaamiseen sek\u00e4 tiedottamiseen.<\/p>\n","protected":false},"author":1,"featured_media":0,"parent":0,"menu_order":0,"comment_status":"closed","ping_status":"closed","template":"template-full-width.php","meta":{"footnotes":""},"class_list":["post-311","page","type-page","status-publish","hentry"],"yoast_head":"<!-- This site is optimized with the Yoast SEO plugin v27.4 - https:\/\/yoast.com\/product\/yoast-seo-wordpress\/ -->\n<title>2025 - Iisalmen naisten s\u00e4\u00e4ti\u00f6<\/title>\n<meta name=\"robots\" content=\"index, follow, max-snippet:-1, max-image-preview:large, max-video-preview:-1\" \/>\n<link rel=\"canonical\" href=\"https:\/\/iisalmennaistensaatio.fi\/?page_id=311\" \/>\n<meta property=\"og:locale\" content=\"fi_FI\" \/>\n<meta property=\"og:type\" content=\"article\" \/>\n<meta property=\"og:title\" content=\"2025 - Iisalmen naisten s\u00e4\u00e4ti\u00f6\" \/>\n<meta property=\"og:description\" content=\"Stipendit Apurahat Taito Yl\u00e4-Savo ry:lle my\u00f6nnettiin 10.000 \u20ac apuraha materiaalihankintoihin, toiminnan uudelleen k\u00e4ynnist\u00e4miseen, toiminnan ohjaamiseen sek\u00e4 tiedottamiseen.\" \/>\n<meta property=\"og:url\" content=\"https:\/\/iisalmennaistensaatio.fi\/?page_id=311\" \/>\n<meta property=\"og:site_name\" content=\"Iisalmen naisten s\u00e4\u00e4ti\u00f6\" \/>\n<meta property=\"article:modified_time\" content=\"2026-02-11T15:01:20+00:00\" \/>\n<meta name=\"twitter:card\" content=\"summary_large_image\" \/>\n<meta name=\"twitter:label1\" content=\"Arvioitu lukuaika\" \/>\n\t<meta name=\"twitter:data1\" content=\"1 minuutti\" \/>\n<script type=\"application\/ld+json\" class=\"yoast-schema-graph\">{\"@context\":\"https:\\\/\\\/schema.org\",\"@graph\":[{\"@type\":\"WebPage\",\"@id\":\"https:\\\/\\\/iisalmennaistensaatio.fi\\\/?page_id=311\",\"url\":\"https:\\\/\\\/iisalmennaistensaatio.fi\\\/?page_id=311\",\"name\":\"2025 - Iisalmen naisten s\u00e4\u00e4ti\u00f6\",\"isPartOf\":{\"@id\":\"https:\\\/\\\/iisalmennaistensaatio.fi\\\/#website\"},\"datePublished\":\"2025-06-03T18:03:07+00:00\",\"dateModified\":\"2026-02-11T15:01:20+00:00\",\"breadcrumb\":{\"@id\":\"https:\\\/\\\/iisalmennaistensaatio.fi\\\/?page_id=311#breadcrumb\"},\"inLanguage\":\"fi\",\"potentialAction\":[{\"@type\":\"ReadAction\",\"target\":[\"https:\\\/\\\/iisalmennaistensaatio.fi\\\/?page_id=311\"]}]},{\"@type\":\"BreadcrumbList\",\"@id\":\"https:\\\/\\\/iisalmennaistensaatio.fi\\\/?page_id=311#breadcrumb\",\"itemListElement\":[{\"@type\":\"ListItem\",\"position\":1,\"name\":\"Etusivu\",\"item\":\"https:\\\/\\\/iisalmennaistensaatio.fi\\\/\"},{\"@type\":\"ListItem\",\"position\":2,\"name\":\"2025\"}]},{\"@type\":\"WebSite\",\"@id\":\"https:\\\/\\\/iisalmennaistensaatio.fi\\\/#website\",\"url\":\"https:\\\/\\\/iisalmennaistensaatio.fi\\\/\",\"name\":\"Iisalmen naisten s\u00e4\u00e4ti\u00f6\",\"description\":\"Iisalmen Naisten S\u00e4\u00e4ti\u00f6 on yleishy\u00f6dyllinen s\u00e4\u00e4ti\u00f6.\",\"potentialAction\":[{\"@type\":\"SearchAction\",\"target\":{\"@type\":\"EntryPoint\",\"urlTemplate\":\"https:\\\/\\\/iisalmennaistensaatio.fi\\\/?s={search_term_string}\"},\"query-input\":{\"@type\":\"PropertyValueSpecification\",\"valueRequired\":true,\"valueName\":\"search_term_string\"}}],\"inLanguage\":\"fi\"}]}<\/script>\n<!-- \/ Yoast SEO plugin. -->","yoast_head_json":{"title":"2025 - Iisalmen naisten s\u00e4\u00e4ti\u00f6","robots":{"index":"index","follow":"follow","max-snippet":"max-snippet:-1","max-image-preview":"max-image-preview:large","max-video-preview":"max-video-preview:-1"},"canonical":"https:\/\/iisalmennaistensaatio.fi\/?page_id=311","og_locale":"fi_FI","og_type":"article","og_title":"2025 - Iisalmen naisten s\u00e4\u00e4ti\u00f6","og_description":"Stipendit Apurahat Taito Yl\u00e4-Savo ry:lle my\u00f6nnettiin 10.000 \u20ac apuraha materiaalihankintoihin, toiminnan uudelleen k\u00e4ynnist\u00e4miseen, toiminnan ohjaamiseen sek\u00e4 tiedottamiseen.","og_url":"https:\/\/iisalmennaistensaatio.fi\/?page_id=311","og_site_name":"Iisalmen naisten s\u00e4\u00e4ti\u00f6","article_modified_time":"2026-02-11T15:01:20+00:00","twitter_card":"summary_large_image","twitter_misc":{"Arvioitu lukuaika":"1 minuutti"},"schema":{"@context":"https:\/\/schema.org","@graph":[{"@type":"WebPage","@id":"https:\/\/iisalmennaistensaatio.fi\/?page_id=311","url":"https:\/\/iisalmennaistensaatio.fi\/?page_id=311","name":"2025 - Iisalmen naisten s\u00e4\u00e4ti\u00f6","isPartOf":{"@id":"https:\/\/iisalmennaistensaatio.fi\/#website"},"datePublished":"2025-06-03T18:03:07+00:00","dateModified":"2026-02-11T15:01:20+00:00","breadcrumb":{"@id":"https:\/\/iisalmennaistensaatio.fi\/?page_id=311#breadcrumb"},"inLanguage":"fi","potentialAction":[{"@type":"ReadAction","target":["https:\/\/iisalmennaistensaatio.fi\/?page_id=311"]}]},{"@type":"BreadcrumbList","@id":"https:\/\/iisalmennaistensaatio.fi\/?page_id=311#breadcrumb","itemListElement":[{"@type":"ListItem","position":1,"name":"Etusivu","item":"https:\/\/iisalmennaistensaatio.fi\/"},{"@type":"ListItem","position":2,"name":"2025"}]},{"@type":"WebSite","@id":"https:\/\/iisalmennaistensaatio.fi\/#website","url":"https:\/\/iisalmennaistensaatio.fi\/","name":"Iisalmen naisten s\u00e4\u00e4ti\u00f6","description":"Iisalmen Naisten S\u00e4\u00e4ti\u00f6 on yleishy\u00f6dyllinen s\u00e4\u00e4ti\u00f6.","potentialAction":[{"@type":"SearchAction","target":{"@type":"EntryPoint","urlTemplate":"https:\/\/iisalmennaistensaatio.fi\/?s={search_term_string}"},"query-input":{"@type":"PropertyValueSpecification","valueRequired":true,"valueName":"search_term_string"}}],"inLanguage":"fi"}]}},"_links":{"self":[{"href":"https:\/\/iisalmennaistensaatio.fi\/index.php?rest_route=\/wp\/v2\/pages\/311","targetHints":{"allow":["GET"]}}],"collection":[{"href":"https:\/\/iisalmennaistensaatio.fi\/index.php?rest_route=\/wp\/v2\/pages"}],"about":[{"href":"https:\/\/iisalmennaistensaatio.fi\/index.php?rest_route=\/wp\/v2\/types\/page"}],"author":[{"embeddable":true,"href":"https:\/\/iisalmennaistensaatio.fi\/index.php?rest_route=\/wp\/v2\/users\/1"}],"replies":[{"embeddable":true,"href":"https:\/\/iisalmennaistensaatio.fi\/index.php?rest_route=%2Fwp%2Fv2%2Fcomments&post=311"}],"version-history":[{"count":3,"href":"https:\/\/iisalmennaistensaatio.fi\/index.php?rest_route=\/wp\/v2\/pages\/311\/revisions"}],"predecessor-version":[{"id":327,"href":"https:\/\/iisalmennaistensaatio.fi\/index.php?rest_route=\/wp\/v2\/pages\/311\/revisions\/327"}],"wp:attachment":[{"href":"https:\/\/iisalmennaistensaatio.fi\/index.php?rest_route=%2Fwp%2Fv2%2Fmedia&parent=311"}],"curies":[{"name":"wp","href":"https:\/\/api.w.org\/{rel}","templated":true}]}}