{"id":42,"date":"2022-02-04T15:01:05","date_gmt":"2022-02-04T15:01:05","guid":{"rendered":"https:\/\/dev.iisalmennaistensaatio.fi\/?page_id=42"},"modified":"2026-02-11T14:56:13","modified_gmt":"2026-02-11T14:56:13","slug":"iisalmen-naisten-saatio-hallitus","status":"publish","type":"page","link":"https:\/\/iisalmennaistensaatio.fi\/?page_id=42","title":{"rendered":"Iisalmen Naisten S\u00e4\u00e4ti\u00f6n hallitus"},"content":{"rendered":"\n<div class=\"wp-block-group is-vertical is-layout-flex wp-container-core-group-is-layout-8cf370e7 wp-block-group-is-layout-flex\">\n<p>Puheenjohtaja Paula Zacharov<\/p>\n\n\n\n<p>Varapuheenjohtaja Sari Lyytik\u00e4inen<\/p>\n\n\n\n<p>Sihteeri-asiamies Anne Ryan-Maskulainen<\/p>\n\n\n\n<p>Minna Aronen<\/p>\n\n\n\n<p>Kati Partanen<\/p>\n\n\n\n<p>Heli Pironetti<\/p>\n\n\n\n<figure class=\"wp-block-image size-large\"><img loading=\"lazy\" decoding=\"async\" width=\"1024\" height=\"768\" src=\"https:\/\/iisalmennaistensaatio.fi\/wp-content\/uploads\/2026\/02\/Hallitus-1-1024x768.jpeg\" alt=\"\" class=\"wp-image-324\" srcset=\"https:\/\/iisalmennaistensaatio.fi\/wp-content\/uploads\/2026\/02\/Hallitus-1-1024x768.jpeg 1024w, https:\/\/iisalmennaistensaatio.fi\/wp-content\/uploads\/2026\/02\/Hallitus-1-300x225.jpeg 300w, https:\/\/iisalmennaistensaatio.fi\/wp-content\/uploads\/2026\/02\/Hallitus-1-768x576.jpeg 768w, https:\/\/iisalmennaistensaatio.fi\/wp-content\/uploads\/2026\/02\/Hallitus-1-1536x1152.jpeg 1536w, https:\/\/iisalmennaistensaatio.fi\/wp-content\/uploads\/2026\/02\/Hallitus-1-2048x1536.jpeg 2048w\" sizes=\"auto, (max-width: 1024px) 100vw, 1024px\" \/><\/figure>\n<\/div>\n","protected":false},"excerpt":{"rendered":"<p>Puheenjohtaja Paula Zacharov Varapuheenjohtaja Sari Lyytik\u00e4inen Sihteeri-asiamies Anne Ryan-Maskulainen Minna Aronen Kati Partanen Heli Pironetti<\/p>\n","protected":false},"author":1,"featured_media":0,"parent":0,"menu_order":0,"comment_status":"closed","ping_status":"closed","template":"template-full-width.php","meta":{"footnotes":""},"class_list":["post-42","page","type-page","status-publish","hentry"],"yoast_head":"<!-- This site is optimized with the Yoast SEO plugin v27.4 - https:\/\/yoast.com\/product\/yoast-seo-wordpress\/ -->\n<title>Iisalmen Naisten S\u00e4\u00e4ti\u00f6n hallitus - Iisalmen naisten s\u00e4\u00e4ti\u00f6<\/title>\n<meta name=\"robots\" content=\"index, follow, max-snippet:-1, max-image-preview:large, max-video-preview:-1\" \/>\n<link rel=\"canonical\" href=\"https:\/\/iisalmennaistensaatio.fi\/?page_id=42\" \/>\n<meta property=\"og:locale\" content=\"fi_FI\" \/>\n<meta property=\"og:type\" content=\"article\" \/>\n<meta property=\"og:title\" content=\"Iisalmen Naisten S\u00e4\u00e4ti\u00f6n hallitus - Iisalmen naisten s\u00e4\u00e4ti\u00f6\" \/>\n<meta property=\"og:description\" content=\"Puheenjohtaja Paula Zacharov Varapuheenjohtaja Sari Lyytik\u00e4inen Sihteeri-asiamies Anne Ryan-Maskulainen Minna Aronen Kati Partanen Heli Pironetti\" \/>\n<meta property=\"og:url\" content=\"https:\/\/iisalmennaistensaatio.fi\/?page_id=42\" \/>\n<meta property=\"og:site_name\" content=\"Iisalmen naisten s\u00e4\u00e4ti\u00f6\" \/>\n<meta property=\"article:modified_time\" content=\"2026-02-11T14:56:13+00:00\" \/>\n<meta property=\"og:image\" content=\"https:\/\/iisalmennaistensaatio.fi\/wp-content\/uploads\/2026\/02\/Hallitus-1-scaled.jpeg\" \/>\n\t<meta property=\"og:image:width\" content=\"2560\" \/>\n\t<meta property=\"og:image:height\" content=\"1920\" \/>\n\t<meta property=\"og:image:type\" content=\"image\/jpeg\" \/>\n<meta name=\"twitter:card\" content=\"summary_large_image\" \/>\n<meta name=\"twitter:label1\" content=\"Arvioitu lukuaika\" \/>\n\t<meta name=\"twitter:data1\" content=\"1 minuutti\" \/>\n<script type=\"application\/ld+json\" class=\"yoast-schema-graph\">{\"@context\":\"https:\\\/\\\/schema.org\",\"@graph\":[{\"@type\":\"WebPage\",\"@id\":\"https:\\\/\\\/iisalmennaistensaatio.fi\\\/?page_id=42\",\"url\":\"https:\\\/\\\/iisalmennaistensaatio.fi\\\/?page_id=42\",\"name\":\"Iisalmen Naisten S\u00e4\u00e4ti\u00f6n hallitus - Iisalmen naisten s\u00e4\u00e4ti\u00f6\",\"isPartOf\":{\"@id\":\"https:\\\/\\\/iisalmennaistensaatio.fi\\\/#website\"},\"primaryImageOfPage\":{\"@id\":\"https:\\\/\\\/iisalmennaistensaatio.fi\\\/?page_id=42#primaryimage\"},\"image\":{\"@id\":\"https:\\\/\\\/iisalmennaistensaatio.fi\\\/?page_id=42#primaryimage\"},\"thumbnailUrl\":\"https:\\\/\\\/iisalmennaistensaatio.fi\\\/wp-content\\\/uploads\\\/2026\\\/02\\\/Hallitus-1-1024x768.jpeg\",\"datePublished\":\"2022-02-04T15:01:05+00:00\",\"dateModified\":\"2026-02-11T14:56:13+00:00\",\"breadcrumb\":{\"@id\":\"https:\\\/\\\/iisalmennaistensaatio.fi\\\/?page_id=42#breadcrumb\"},\"inLanguage\":\"fi\",\"potentialAction\":[{\"@type\":\"ReadAction\",\"target\":[\"https:\\\/\\\/iisalmennaistensaatio.fi\\\/?page_id=42\"]}]},{\"@type\":\"ImageObject\",\"inLanguage\":\"fi\",\"@id\":\"https:\\\/\\\/iisalmennaistensaatio.fi\\\/?page_id=42#primaryimage\",\"url\":\"https:\\\/\\\/iisalmennaistensaatio.fi\\\/wp-content\\\/uploads\\\/2026\\\/02\\\/Hallitus-1-scaled.jpeg\",\"contentUrl\":\"https:\\\/\\\/iisalmennaistensaatio.fi\\\/wp-content\\\/uploads\\\/2026\\\/02\\\/Hallitus-1-scaled.jpeg\",\"width\":2560,\"height\":1920},{\"@type\":\"BreadcrumbList\",\"@id\":\"https:\\\/\\\/iisalmennaistensaatio.fi\\\/?page_id=42#breadcrumb\",\"itemListElement\":[{\"@type\":\"ListItem\",\"position\":1,\"name\":\"Etusivu\",\"item\":\"https:\\\/\\\/iisalmennaistensaatio.fi\\\/\"},{\"@type\":\"ListItem\",\"position\":2,\"name\":\"Iisalmen Naisten S\u00e4\u00e4ti\u00f6n hallitus\"}]},{\"@type\":\"WebSite\",\"@id\":\"https:\\\/\\\/iisalmennaistensaatio.fi\\\/#website\",\"url\":\"https:\\\/\\\/iisalmennaistensaatio.fi\\\/\",\"name\":\"Iisalmen naisten s\u00e4\u00e4ti\u00f6\",\"description\":\"Iisalmen Naisten S\u00e4\u00e4ti\u00f6 on yleishy\u00f6dyllinen s\u00e4\u00e4ti\u00f6.\",\"potentialAction\":[{\"@type\":\"SearchAction\",\"target\":{\"@type\":\"EntryPoint\",\"urlTemplate\":\"https:\\\/\\\/iisalmennaistensaatio.fi\\\/?s={search_term_string}\"},\"query-input\":{\"@type\":\"PropertyValueSpecification\",\"valueRequired\":true,\"valueName\":\"search_term_string\"}}],\"inLanguage\":\"fi\"}]}<\/script>\n<!-- \/ Yoast SEO plugin. -->","yoast_head_json":{"title":"Iisalmen Naisten S\u00e4\u00e4ti\u00f6n hallitus - Iisalmen naisten s\u00e4\u00e4ti\u00f6","robots":{"index":"index","follow":"follow","max-snippet":"max-snippet:-1","max-image-preview":"max-image-preview:large","max-video-preview":"max-video-preview:-1"},"canonical":"https:\/\/iisalmennaistensaatio.fi\/?page_id=42","og_locale":"fi_FI","og_type":"article","og_title":"Iisalmen Naisten S\u00e4\u00e4ti\u00f6n hallitus - Iisalmen naisten s\u00e4\u00e4ti\u00f6","og_description":"Puheenjohtaja Paula Zacharov Varapuheenjohtaja Sari Lyytik\u00e4inen Sihteeri-asiamies Anne Ryan-Maskulainen Minna Aronen Kati Partanen Heli Pironetti","og_url":"https:\/\/iisalmennaistensaatio.fi\/?page_id=42","og_site_name":"Iisalmen naisten s\u00e4\u00e4ti\u00f6","article_modified_time":"2026-02-11T14:56:13+00:00","og_image":[{"width":2560,"height":1920,"url":"https:\/\/iisalmennaistensaatio.fi\/wp-content\/uploads\/2026\/02\/Hallitus-1-scaled.jpeg","type":"image\/jpeg"}],"twitter_card":"summary_large_image","twitter_misc":{"Arvioitu lukuaika":"1 minuutti"},"schema":{"@context":"https:\/\/schema.org","@graph":[{"@type":"WebPage","@id":"https:\/\/iisalmennaistensaatio.fi\/?page_id=42","url":"https:\/\/iisalmennaistensaatio.fi\/?page_id=42","name":"Iisalmen Naisten S\u00e4\u00e4ti\u00f6n hallitus - Iisalmen naisten s\u00e4\u00e4ti\u00f6","isPartOf":{"@id":"https:\/\/iisalmennaistensaatio.fi\/#website"},"primaryImageOfPage":{"@id":"https:\/\/iisalmennaistensaatio.fi\/?page_id=42#primaryimage"},"image":{"@id":"https:\/\/iisalmennaistensaatio.fi\/?page_id=42#primaryimage"},"thumbnailUrl":"https:\/\/iisalmennaistensaatio.fi\/wp-content\/uploads\/2026\/02\/Hallitus-1-1024x768.jpeg","datePublished":"2022-02-04T15:01:05+00:00","dateModified":"2026-02-11T14:56:13+00:00","breadcrumb":{"@id":"https:\/\/iisalmennaistensaatio.fi\/?page_id=42#breadcrumb"},"inLanguage":"fi","potentialAction":[{"@type":"ReadAction","target":["https:\/\/iisalmennaistensaatio.fi\/?page_id=42"]}]},{"@type":"ImageObject","inLanguage":"fi","@id":"https:\/\/iisalmennaistensaatio.fi\/?page_id=42#primaryimage","url":"https:\/\/iisalmennaistensaatio.fi\/wp-content\/uploads\/2026\/02\/Hallitus-1-scaled.jpeg","contentUrl":"https:\/\/iisalmennaistensaatio.fi\/wp-content\/uploads\/2026\/02\/Hallitus-1-scaled.jpeg","width":2560,"height":1920},{"@type":"BreadcrumbList","@id":"https:\/\/iisalmennaistensaatio.fi\/?page_id=42#breadcrumb","itemListElement":[{"@type":"ListItem","position":1,"name":"Etusivu","item":"https:\/\/iisalmennaistensaatio.fi\/"},{"@type":"ListItem","position":2,"name":"Iisalmen Naisten S\u00e4\u00e4ti\u00f6n hallitus"}]},{"@type":"WebSite","@id":"https:\/\/iisalmennaistensaatio.fi\/#website","url":"https:\/\/iisalmennaistensaatio.fi\/","name":"Iisalmen naisten s\u00e4\u00e4ti\u00f6","description":"Iisalmen Naisten S\u00e4\u00e4ti\u00f6 on yleishy\u00f6dyllinen s\u00e4\u00e4ti\u00f6.","potentialAction":[{"@type":"SearchAction","target":{"@type":"EntryPoint","urlTemplate":"https:\/\/iisalmennaistensaatio.fi\/?s={search_term_string}"},"query-input":{"@type":"PropertyValueSpecification","valueRequired":true,"valueName":"search_term_string"}}],"inLanguage":"fi"}]}},"_links":{"self":[{"href":"https:\/\/iisalmennaistensaatio.fi\/index.php?rest_route=\/wp\/v2\/pages\/42","targetHints":{"allow":["GET"]}}],"collection":[{"href":"https:\/\/iisalmennaistensaatio.fi\/index.php?rest_route=\/wp\/v2\/pages"}],"about":[{"href":"https:\/\/iisalmennaistensaatio.fi\/index.php?rest_route=\/wp\/v2\/types\/page"}],"author":[{"embeddable":true,"href":"https:\/\/iisalmennaistensaatio.fi\/index.php?rest_route=\/wp\/v2\/users\/1"}],"replies":[{"embeddable":true,"href":"https:\/\/iisalmennaistensaatio.fi\/index.php?rest_route=%2Fwp%2Fv2%2Fcomments&post=42"}],"version-history":[{"count":14,"href":"https:\/\/iisalmennaistensaatio.fi\/index.php?rest_route=\/wp\/v2\/pages\/42\/revisions"}],"predecessor-version":[{"id":325,"href":"https:\/\/iisalmennaistensaatio.fi\/index.php?rest_route=\/wp\/v2\/pages\/42\/revisions\/325"}],"wp:attachment":[{"href":"https:\/\/iisalmennaistensaatio.fi\/index.php?rest_route=%2Fwp%2Fv2%2Fmedia&parent=42"}],"curies":[{"name":"wp","href":"https:\/\/api.w.org\/{rel}","templated":true}]}}