{"id":6,"date":"2022-02-04T10:53:51","date_gmt":"2022-02-04T10:53:51","guid":{"rendered":"https:\/\/dev.iisalmennaistensaatio.fi\/?page_id=6"},"modified":"2023-05-08T11:08:24","modified_gmt":"2023-05-08T11:08:24","slug":"iisalmen-naisten-saatio","status":"publish","type":"page","link":"https:\/\/iisalmennaistensaatio.fi\/","title":{"rendered":"Iisalmen Naisten S\u00e4\u00e4ti\u00f6"},"content":{"rendered":"\n<figure class=\"wp-block-image size-full\"><img loading=\"lazy\" decoding=\"async\" width=\"2048\" height=\"1536\" src=\"https:\/\/iisalmennaistensaatio.fi\/wp-content\/uploads\/2022\/05\/naistentalo-PK-teksti-5-2022.jpg\" alt=\"\" class=\"wp-image-103\" srcset=\"https:\/\/iisalmennaistensaatio.fi\/wp-content\/uploads\/2022\/05\/naistentalo-PK-teksti-5-2022.jpg 2048w, https:\/\/iisalmennaistensaatio.fi\/wp-content\/uploads\/2022\/05\/naistentalo-PK-teksti-5-2022-300x225.jpg 300w, https:\/\/iisalmennaistensaatio.fi\/wp-content\/uploads\/2022\/05\/naistentalo-PK-teksti-5-2022-1024x768.jpg 1024w, https:\/\/iisalmennaistensaatio.fi\/wp-content\/uploads\/2022\/05\/naistentalo-PK-teksti-5-2022-768x576.jpg 768w, https:\/\/iisalmennaistensaatio.fi\/wp-content\/uploads\/2022\/05\/naistentalo-PK-teksti-5-2022-1536x1152.jpg 1536w\" sizes=\"auto, (max-width: 2048px) 100vw, 2048px\" \/><\/figure>\n\n\n\n<p><\/p>\n\n\n\n<p class=\"has-medium-font-size\" id=\"u128-2\"><strong>Iisalmen Naisten S\u00e4\u00e4ti\u00f6<\/strong> on yleishy\u00f6dyllinen s\u00e4\u00e4ti\u00f6. Sen perustivat vuonna 1975 Iisalmen Naistenyhdistys ry:n hallituksen j\u00e4senet. S\u00e4\u00e4dekirjan allekirjoittivat rouvat Hanna Tervola ja Inkeri Hortling.<\/p>\n\n\n\n<p id=\"u128-3\">Iisalmen Naisten S\u00e4\u00e4ti\u00f6n perustamisen yhteydess\u00e4 Iisalmen Naistenyhdistys lahjoitti omaisuutensa Iisalmen Naisten S\u00e4\u00e4ti\u00f6n perusp\u00e4\u00e4omaksi.&nbsp; Suurimman osan omaisuudesta muodosti Iisalmessa osoitteessa Pohjolankatu 9b toiminut naisten k\u00e4sity\u00f6- ja kudontakouluna toiminut nk. Naistentalon kiinteist\u00f6. Iisalmen Naistenyhdistys (aiemmin Iisalmen Rouvasv\u00e4enyhdistys) oli perustettu 1897 edist\u00e4m\u00e4\u00e4n nuorten, v\u00e4h\u00e4varaisten naisten k\u00e4sity\u00f6- ja kudontataitoja.<\/p>\n\n\n\n<p id=\"u128-6\">S\u00e4\u00e4nt\u00f6jens\u00e4 mukaan Iisalmen Naisten S\u00e4\u00e4ti\u00f6 jakaa vuosittain apurahoja ja stipendej\u00e4 iisalmelaisten naisten taitojen ja osaamisen kehitt\u00e4miseen kotitaloudessa ja elinkeinoel\u00e4m\u00e4ss\u00e4<\/p>\n\n\n\n<figure class=\"wp-block-image size-large\"><img loading=\"lazy\" decoding=\"async\" width=\"1024\" height=\"350\" src=\"https:\/\/iisalmennaistensaatio.fi\/wp-content\/uploads\/2023\/05\/INS-inforuutu-20221900x650-1-1024x350.jpg\" alt=\"\" class=\"wp-image-230\" srcset=\"https:\/\/iisalmennaistensaatio.fi\/wp-content\/uploads\/2023\/05\/INS-inforuutu-20221900x650-1-1024x350.jpg 1024w, https:\/\/iisalmennaistensaatio.fi\/wp-content\/uploads\/2023\/05\/INS-inforuutu-20221900x650-1-300x103.jpg 300w, https:\/\/iisalmennaistensaatio.fi\/wp-content\/uploads\/2023\/05\/INS-inforuutu-20221900x650-1-768x263.jpg 768w, https:\/\/iisalmennaistensaatio.fi\/wp-content\/uploads\/2023\/05\/INS-inforuutu-20221900x650-1-1536x525.jpg 1536w, https:\/\/iisalmennaistensaatio.fi\/wp-content\/uploads\/2023\/05\/INS-inforuutu-20221900x650-1.jpg 1900w\" sizes=\"auto, (max-width: 1024px) 100vw, 1024px\" \/><\/figure>\n\n\n\n<figure class=\"wp-block-image size-large\"><img loading=\"lazy\" decoding=\"async\" width=\"1024\" height=\"700\" src=\"https:\/\/iisalmennaistensaatio.fi\/wp-content\/uploads\/2022\/02\/cropped-Iisalmen-Naisten-Sa\u0308a\u0308tio\u0308-logo-1-1024x700.jpg\" alt=\"\" class=\"wp-image-61\" srcset=\"https:\/\/iisalmennaistensaatio.fi\/wp-content\/uploads\/2022\/02\/cropped-Iisalmen-Naisten-Sa\u0308a\u0308tio\u0308-logo-1-1024x700.jpg 1024w, https:\/\/iisalmennaistensaatio.fi\/wp-content\/uploads\/2022\/02\/cropped-Iisalmen-Naisten-Sa\u0308a\u0308tio\u0308-logo-1-300x205.jpg 300w, https:\/\/iisalmennaistensaatio.fi\/wp-content\/uploads\/2022\/02\/cropped-Iisalmen-Naisten-Sa\u0308a\u0308tio\u0308-logo-1-768x525.jpg 768w, https:\/\/iisalmennaistensaatio.fi\/wp-content\/uploads\/2022\/02\/cropped-Iisalmen-Naisten-Sa\u0308a\u0308tio\u0308-logo-1.jpg 1181w\" sizes=\"auto, (max-width: 1024px) 100vw, 1024px\" \/><\/figure>\n","protected":false},"excerpt":{"rendered":"<p>Iisalmen Naisten S\u00e4\u00e4ti\u00f6 on yleishy\u00f6dyllinen s\u00e4\u00e4ti\u00f6. Sen perustivat vuonna 1975 Iisalmen Naistenyhdistys ry:n hallituksen j\u00e4senet. S\u00e4\u00e4dekirjan allekirjoittivat rouvat Hanna Tervola ja Inkeri Hortling. Iisalmen Naisten S\u00e4\u00e4ti\u00f6n perustamisen yhteydess\u00e4 Iisalmen Naistenyhdistys lahjoitti omaisuutensa Iisalmen Naisten S\u00e4\u00e4ti\u00f6n perusp\u00e4\u00e4omaksi.&nbsp; Suurimman osan omaisuudesta muodosti Iisalmessa osoitteessa Pohjolankatu 9b toiminut naisten k\u00e4sity\u00f6- ja kudontakouluna toiminut nk. Naistentalon kiinteist\u00f6. Iisalmen Naistenyhdistys [&hellip;]<\/p>\n","protected":false},"author":1,"featured_media":0,"parent":0,"menu_order":0,"comment_status":"closed","ping_status":"closed","template":"template-full-width.php","meta":{"footnotes":""},"class_list":["post-6","page","type-page","status-publish","hentry"],"yoast_head":"<!-- This site is optimized with the Yoast SEO plugin v27.4 - https:\/\/yoast.com\/product\/yoast-seo-wordpress\/ -->\n<title>Iisalmen Naisten S\u00e4\u00e4ti\u00f6 - Iisalmen naisten s\u00e4\u00e4ti\u00f6<\/title>\n<meta name=\"description\" content=\"iisalmen naisten s\u00e4\u00e4ti\u00f6 logo\" \/>\n<meta name=\"robots\" content=\"index, follow, max-snippet:-1, max-image-preview:large, max-video-preview:-1\" \/>\n<link rel=\"canonical\" href=\"https:\/\/iisalmennaistensaatio.fi\/\" \/>\n<meta property=\"og:locale\" content=\"fi_FI\" \/>\n<meta property=\"og:type\" content=\"article\" \/>\n<meta property=\"og:title\" content=\"Iisalmen Naisten S\u00e4\u00e4ti\u00f6 - Iisalmen naisten s\u00e4\u00e4ti\u00f6\" \/>\n<meta property=\"og:description\" content=\"iisalmen naisten s\u00e4\u00e4ti\u00f6 logo\" \/>\n<meta property=\"og:url\" content=\"https:\/\/iisalmennaistensaatio.fi\/\" \/>\n<meta property=\"og:site_name\" content=\"Iisalmen naisten s\u00e4\u00e4ti\u00f6\" \/>\n<meta property=\"article:modified_time\" content=\"2023-05-08T11:08:24+00:00\" \/>\n<meta property=\"og:image\" content=\"https:\/\/iisalmennaistensaatio.fi\/wp-content\/uploads\/2022\/05\/naistentalo-PK-teksti-5-2022.jpg\" \/>\n<meta name=\"twitter:card\" content=\"summary_large_image\" \/>\n<meta name=\"twitter:label1\" content=\"Arvioitu lukuaika\" \/>\n\t<meta name=\"twitter:data1\" content=\"2 minuuttia\" \/>\n<script type=\"application\/ld+json\" class=\"yoast-schema-graph\">{\"@context\":\"https:\\\/\\\/schema.org\",\"@graph\":[{\"@type\":\"WebPage\",\"@id\":\"https:\\\/\\\/iisalmennaistensaatio.fi\\\/\",\"url\":\"https:\\\/\\\/iisalmennaistensaatio.fi\\\/\",\"name\":\"Iisalmen Naisten S\u00e4\u00e4ti\u00f6 - Iisalmen naisten s\u00e4\u00e4ti\u00f6\",\"isPartOf\":{\"@id\":\"https:\\\/\\\/iisalmennaistensaatio.fi\\\/#website\"},\"primaryImageOfPage\":{\"@id\":\"https:\\\/\\\/iisalmennaistensaatio.fi\\\/#primaryimage\"},\"image\":{\"@id\":\"https:\\\/\\\/iisalmennaistensaatio.fi\\\/#primaryimage\"},\"thumbnailUrl\":\"https:\\\/\\\/iisalmennaistensaatio.fi\\\/wp-content\\\/uploads\\\/2022\\\/05\\\/naistentalo-PK-teksti-5-2022.jpg\",\"datePublished\":\"2022-02-04T10:53:51+00:00\",\"dateModified\":\"2023-05-08T11:08:24+00:00\",\"description\":\"iisalmen naisten s\u00e4\u00e4ti\u00f6 logo\",\"breadcrumb\":{\"@id\":\"https:\\\/\\\/iisalmennaistensaatio.fi\\\/#breadcrumb\"},\"inLanguage\":\"fi\",\"potentialAction\":[{\"@type\":\"ReadAction\",\"target\":[\"https:\\\/\\\/iisalmennaistensaatio.fi\\\/\"]}]},{\"@type\":\"ImageObject\",\"inLanguage\":\"fi\",\"@id\":\"https:\\\/\\\/iisalmennaistensaatio.fi\\\/#primaryimage\",\"url\":\"https:\\\/\\\/iisalmennaistensaatio.fi\\\/wp-content\\\/uploads\\\/2022\\\/05\\\/naistentalo-PK-teksti-5-2022.jpg\",\"contentUrl\":\"https:\\\/\\\/iisalmennaistensaatio.fi\\\/wp-content\\\/uploads\\\/2022\\\/05\\\/naistentalo-PK-teksti-5-2022.jpg\",\"width\":2048,\"height\":1536},{\"@type\":\"BreadcrumbList\",\"@id\":\"https:\\\/\\\/iisalmennaistensaatio.fi\\\/#breadcrumb\",\"itemListElement\":[{\"@type\":\"ListItem\",\"position\":1,\"name\":\"Etusivu\",\"item\":\"https:\\\/\\\/iisalmennaistensaatio.fi\\\/\"},{\"@type\":\"ListItem\",\"position\":2,\"name\":\"Iisalmen Naisten S\u00e4\u00e4ti\u00f6\"}]},{\"@type\":\"WebSite\",\"@id\":\"https:\\\/\\\/iisalmennaistensaatio.fi\\\/#website\",\"url\":\"https:\\\/\\\/iisalmennaistensaatio.fi\\\/\",\"name\":\"Iisalmen naisten s\u00e4\u00e4ti\u00f6\",\"description\":\"Iisalmen Naisten S\u00e4\u00e4ti\u00f6 on yleishy\u00f6dyllinen s\u00e4\u00e4ti\u00f6.\",\"potentialAction\":[{\"@type\":\"SearchAction\",\"target\":{\"@type\":\"EntryPoint\",\"urlTemplate\":\"https:\\\/\\\/iisalmennaistensaatio.fi\\\/?s={search_term_string}\"},\"query-input\":{\"@type\":\"PropertyValueSpecification\",\"valueRequired\":true,\"valueName\":\"search_term_string\"}}],\"inLanguage\":\"fi\"}]}<\/script>\n<!-- \/ Yoast SEO plugin. -->","yoast_head_json":{"title":"Iisalmen Naisten S\u00e4\u00e4ti\u00f6 - Iisalmen naisten s\u00e4\u00e4ti\u00f6","description":"iisalmen naisten s\u00e4\u00e4ti\u00f6 logo","robots":{"index":"index","follow":"follow","max-snippet":"max-snippet:-1","max-image-preview":"max-image-preview:large","max-video-preview":"max-video-preview:-1"},"canonical":"https:\/\/iisalmennaistensaatio.fi\/","og_locale":"fi_FI","og_type":"article","og_title":"Iisalmen Naisten S\u00e4\u00e4ti\u00f6 - Iisalmen naisten s\u00e4\u00e4ti\u00f6","og_description":"iisalmen naisten s\u00e4\u00e4ti\u00f6 logo","og_url":"https:\/\/iisalmennaistensaatio.fi\/","og_site_name":"Iisalmen naisten s\u00e4\u00e4ti\u00f6","article_modified_time":"2023-05-08T11:08:24+00:00","og_image":[{"url":"https:\/\/iisalmennaistensaatio.fi\/wp-content\/uploads\/2022\/05\/naistentalo-PK-teksti-5-2022.jpg","type":"","width":"","height":""}],"twitter_card":"summary_large_image","twitter_misc":{"Arvioitu lukuaika":"2 minuuttia"},"schema":{"@context":"https:\/\/schema.org","@graph":[{"@type":"WebPage","@id":"https:\/\/iisalmennaistensaatio.fi\/","url":"https:\/\/iisalmennaistensaatio.fi\/","name":"Iisalmen Naisten S\u00e4\u00e4ti\u00f6 - Iisalmen naisten s\u00e4\u00e4ti\u00f6","isPartOf":{"@id":"https:\/\/iisalmennaistensaatio.fi\/#website"},"primaryImageOfPage":{"@id":"https:\/\/iisalmennaistensaatio.fi\/#primaryimage"},"image":{"@id":"https:\/\/iisalmennaistensaatio.fi\/#primaryimage"},"thumbnailUrl":"https:\/\/iisalmennaistensaatio.fi\/wp-content\/uploads\/2022\/05\/naistentalo-PK-teksti-5-2022.jpg","datePublished":"2022-02-04T10:53:51+00:00","dateModified":"2023-05-08T11:08:24+00:00","description":"iisalmen naisten s\u00e4\u00e4ti\u00f6 logo","breadcrumb":{"@id":"https:\/\/iisalmennaistensaatio.fi\/#breadcrumb"},"inLanguage":"fi","potentialAction":[{"@type":"ReadAction","target":["https:\/\/iisalmennaistensaatio.fi\/"]}]},{"@type":"ImageObject","inLanguage":"fi","@id":"https:\/\/iisalmennaistensaatio.fi\/#primaryimage","url":"https:\/\/iisalmennaistensaatio.fi\/wp-content\/uploads\/2022\/05\/naistentalo-PK-teksti-5-2022.jpg","contentUrl":"https:\/\/iisalmennaistensaatio.fi\/wp-content\/uploads\/2022\/05\/naistentalo-PK-teksti-5-2022.jpg","width":2048,"height":1536},{"@type":"BreadcrumbList","@id":"https:\/\/iisalmennaistensaatio.fi\/#breadcrumb","itemListElement":[{"@type":"ListItem","position":1,"name":"Etusivu","item":"https:\/\/iisalmennaistensaatio.fi\/"},{"@type":"ListItem","position":2,"name":"Iisalmen Naisten S\u00e4\u00e4ti\u00f6"}]},{"@type":"WebSite","@id":"https:\/\/iisalmennaistensaatio.fi\/#website","url":"https:\/\/iisalmennaistensaatio.fi\/","name":"Iisalmen naisten s\u00e4\u00e4ti\u00f6","description":"Iisalmen Naisten S\u00e4\u00e4ti\u00f6 on yleishy\u00f6dyllinen s\u00e4\u00e4ti\u00f6.","potentialAction":[{"@type":"SearchAction","target":{"@type":"EntryPoint","urlTemplate":"https:\/\/iisalmennaistensaatio.fi\/?s={search_term_string}"},"query-input":{"@type":"PropertyValueSpecification","valueRequired":true,"valueName":"search_term_string"}}],"inLanguage":"fi"}]}},"_links":{"self":[{"href":"https:\/\/iisalmennaistensaatio.fi\/index.php?rest_route=\/wp\/v2\/pages\/6","targetHints":{"allow":["GET"]}}],"collection":[{"href":"https:\/\/iisalmennaistensaatio.fi\/index.php?rest_route=\/wp\/v2\/pages"}],"about":[{"href":"https:\/\/iisalmennaistensaatio.fi\/index.php?rest_route=\/wp\/v2\/types\/page"}],"author":[{"embeddable":true,"href":"https:\/\/iisalmennaistensaatio.fi\/index.php?rest_route=\/wp\/v2\/users\/1"}],"replies":[{"embeddable":true,"href":"https:\/\/iisalmennaistensaatio.fi\/index.php?rest_route=%2Fwp%2Fv2%2Fcomments&post=6"}],"version-history":[{"count":26,"href":"https:\/\/iisalmennaistensaatio.fi\/index.php?rest_route=\/wp\/v2\/pages\/6\/revisions"}],"predecessor-version":[{"id":231,"href":"https:\/\/iisalmennaistensaatio.fi\/index.php?rest_route=\/wp\/v2\/pages\/6\/revisions\/231"}],"wp:attachment":[{"href":"https:\/\/iisalmennaistensaatio.fi\/index.php?rest_route=%2Fwp%2Fv2%2Fmedia&parent=6"}],"curies":[{"name":"wp","href":"https:\/\/api.w.org\/{rel}","templated":true}]}}